{"id":112040,"date":"2022-02-18T17:26:08","date_gmt":"2022-02-18T16:26:08","guid":{"rendered":"https:\/\/www.kalani-home.com\/shop\/muster\/"},"modified":"2026-03-09T14:57:52","modified_gmt":"2026-03-09T13:57:52","slug":"muster","status":"publish","type":"product","link":"https:\/\/www.kalani-home.com\/de\/shop\/muster\/","title":{"rendered":"Muster"},"content":{"rendered":"<p><strong>Zusammensetzung:<\/strong> 100% gek\u00e4mmten Baumwollf\u00e4den, Bio- und Fairtrade-zertifiziert<\/p>\n<p><strong>Details:<\/strong><\/p>\n<ul>\n<li>Gr\u00f6sse: 9,5 x 9,5 cm<\/li>\n<li>100 % GOTS-zertifizierte Baumwolle, r\u00fcckverfolgbar, gentechnikfrei, verwendete Farben sind \u00f6kologisch, gesundheitlich unbedenklich, umweltfreundlich und sch\u00fctzen die biologische Vielfalt<\/li>\n<li>100 % Fairtrade-zertifizierte Baumwolle, mit Respekt gegen\u00fcber der Bauerngemeinschaft<\/li>\n<li>Ethisch korrekt hergestellt in fairen Fabriken in Indien, in denen die Arbeiter respektvoll behandelt werden<\/li>\n<li>Sorgf\u00e4ltig hergestellt, liebevoll per Hand angefertigt, um den Anforderungen unserer Kunden gerecht zu werden<\/li>\n<\/ul>\n","protected":false},"excerpt":{"rendered":"<p>Sind Sie noch unschl\u00fcssig \u00fcber die Farbe oder das Material?<br \/>\nWir haben an alles gedacht!<\/p>\n<p>Bestellen Sie die Muster der gew\u00fcnschten Stoffe und Farben und treffen Sie Ihre Entscheidung ganz bewusst.<\/p>\n<p>Die Muster werden zum Selbstkostenpreis verkauft, um Abfall zu vermeiden, aber wenn Sie anschlie\u00dfend B\u00f6gen bestellen m\u00f6chten, werden die Muster kostenlos zur Verf\u00fcgung gestellt.<br \/>\nWenn Sie Muster bestellen (nur Muster in der Bestellung), ist die Lieferung kostenlos und wir senden Ihnen per E-Mail einen Gutschein (1 Jahr g\u00fcltig) mit dem Betrag der Muster.<br \/>\nWenn Sie Ihre B\u00f6gen bestellen m\u00f6chten, k\u00f6nnen Sie diesen Gutschein verwenden, um den Preis der Muster von Ihrer neuen Bestellung abzuziehen.<\/p>\n<p>Produkt zu 100% aus biologischer, Fairtrade-zertifizierter Baumwolle, ethisch und \u00f6kologisch.<\/p>\n","protected":false},"featured_media":111400,"comment_status":"open","ping_status":"closed","template":"","meta":{"_acf_changed":false},"product_brand":[],"product_cat":[3049,3146],"product_tag":[],"class_list":{"0":"post-112040","1":"product","2":"type-product","3":"status-publish","4":"has-post-thumbnail","6":"product_cat-accessoires-de","7":"product_cat-muster-de","8":"pa_color-air-blue-de","9":"pa_color-anthracite-de","10":"pa_color-forest-de","11":"pa_color-ivory-de","12":"pa_color-kalani-blue-de","13":"pa_color-lava-grey-de","14":"pa_color-light-grey-melange-de","15":"pa_color-lilac-de","16":"pa_color-midnight-blue-de","17":"pa_color-natural-de","18":"pa_color-ocean-blue-de","19":"pa_color-ocean-small-stripes-de","20":"pa_color-powder-pink-de","21":"pa_color-sage-de","22":"pa_color-sand-de","23":"pa_color-small-grey-dots-de","24":"pa_color-snow-white-de","25":"pa_color-soft-pink-de","26":"pa_color-stone-grey-de","27":"pa_color-taupe-de","28":"pa_color-terracotta-de","29":"pa_material-baumwolle-premium-jersey","30":"pa_material-baumwollgaze-de","31":"pa_material-baumwollsatin","32":"pa_material-gewichte-linnen-de","33":"pa_material-perkal-baumwolle","35":"first","36":"instock","37":"taxable","38":"shipping-taxable","39":"purchasable","40":"product-type-variable","41":"has-default-attributes"},"acf":[],"_links":{"self":[{"href":"https:\/\/www.kalani-home.com\/de\/wp-json\/wp\/v2\/product\/112040","targetHints":{"allow":["GET"]}}],"collection":[{"href":"https:\/\/www.kalani-home.com\/de\/wp-json\/wp\/v2\/product"}],"about":[{"href":"https:\/\/www.kalani-home.com\/de\/wp-json\/wp\/v2\/types\/product"}],"replies":[{"embeddable":true,"href":"https:\/\/www.kalani-home.com\/de\/wp-json\/wp\/v2\/comments?post=112040"}],"wp:featuredmedia":[{"embeddable":true,"href":"https:\/\/www.kalani-home.com\/de\/wp-json\/wp\/v2\/media\/111400"}],"wp:attachment":[{"href":"https:\/\/www.kalani-home.com\/de\/wp-json\/wp\/v2\/media?parent=112040"}],"wp:term":[{"taxonomy":"product_brand","embeddable":true,"href":"https:\/\/www.kalani-home.com\/de\/wp-json\/wp\/v2\/product_brand?post=112040"},{"taxonomy":"product_cat","embeddable":true,"href":"https:\/\/www.kalani-home.com\/de\/wp-json\/wp\/v2\/product_cat?post=112040"},{"taxonomy":"product_tag","embeddable":true,"href":"https:\/\/www.kalani-home.com\/de\/wp-json\/wp\/v2\/product_tag?post=112040"}],"curies":[{"name":"wp","href":"https:\/\/api.w.org\/{rel}","templated":true}]}}