{"id":105675,"date":"2021-12-03T11:23:19","date_gmt":"2021-12-03T10:23:19","guid":{"rendered":"https:\/\/www.kalani-home.com\/?post_type=product&#038;p=105675"},"modified":"2026-03-02T10:14:53","modified_gmt":"2026-03-02T09:14:53","slug":"luxurioses-badematte","status":"publish","type":"product","link":"https:\/\/www.kalani-home.com\/de\/shop\/luxurioses-badematte\/","title":{"rendered":"Luxuri\u00f6ses Badematte"},"content":{"rendered":"<p class=\"warning_inline\"><strong>Zusammensetzung: <\/strong>Erstklassiges Frottier der Luxusklasse, hergestellt in Belgien, zu 100 % aus veganer, gek\u00e4mmter Bio-Baumwolle<\/p>\n<p><strong>Details: <\/strong><\/p>\n<ul>\n<li>Standardgr\u00f6\u00dfe: 50 x 80 cm<\/li>\n<li>Unglaublich weich dank langfaseriger, gek\u00e4mmter Baumwolle, die f\u00fcr hohe Qualit\u00e4t sorgt.<\/li>\n<li>1000 g\/m\u00b2 schwer, also genau richtig. Nicht zu schwer.<\/li>\n<li>Extrem saugf\u00e4hig.<\/li>\n<li>100 % GOTS-zertifizierte Baumwolle, r\u00fcckverfolgbar, gentechnikfrei, die verwendeten Farben sind \u00f6kologisch, gesundheitlich unbedenklich, umweltfreundlich und sch\u00fctzen die biologische Vielfalt<\/li>\n<li>100 % vegan, mit dem &#8220;PETA-Approved Vegan&#8221;-Logo versehen<\/li>\n<li>Hergestellt in BELGIEN, in Fabriken, die f\u00fcr weltweit f\u00fchrende Marken produzieren<\/li>\n<li>Mit Leidenschaft kreiert<\/li>\n<li>Kalani-Qualit\u00e4tssiegel<\/li>\n<\/ul>\n","protected":false},"excerpt":{"rendered":"<p>Diese Badematte verbindet\u00a0<strong>Komfort<\/strong>\u00a0mit\u00a0<strong>Sicherheit<\/strong>\u00a0und das alles in einem\u00a0<strong>zeitlosen Design<\/strong>, das die F\u00fc\u00dfe von klein bis gro\u00df w\u00e4rmt und trocknet. Mit seiner\u00a0<strong>super absorbierenden<\/strong> Kraft geh\u00f6ren nasse F\u00fcsse im Bad endlich der Vergangenheit an.<\/p>\n<p>Frottier in Luxus-Qualit\u00e4t, einfach zu Hause.<\/p>\n<p>Produziert in Belgien zu 100% aus biologischer GOTS-zertifizierter Baumwolle, ethisch und \u00f6kologisch.<\/p>\n","protected":false},"featured_media":107980,"comment_status":"open","ping_status":"closed","template":"","meta":{"_acf_changed":false},"product_brand":[],"product_cat":[1439,1437,3719,3734,3737,3740,3725,3722],"product_tag":[],"class_list":{"0":"post-105675","1":"product","2":"type-product","3":"status-publish","4":"has-post-thumbnail","6":"product_cat-badematte-de","7":"product_cat-badewasche-de","8":"product_cat-jahrestag-de","9":"product_cat-muttertag-de","10":"product_cat-um-zu-gefallen-de","11":"product_cat-valentinstag-de","12":"product_cat-vatertag-de","13":"product_cat-weihnachten-de","14":"pa_color-anthracite-de","15":"pa_color-kalani-blue-de","16":"pa_color-sand-de","17":"pa_color-stone-grey-de","18":"pa_genre-badematte","19":"pa_material-luxus-frottier","20":"pa_origin-belgien","21":"pa_size-50-x-80-cm-de","23":"first","24":"instock","25":"taxable","26":"shipping-taxable","27":"purchasable","28":"product-type-variable","29":"has-default-attributes"},"acf":[],"_links":{"self":[{"href":"https:\/\/www.kalani-home.com\/de\/wp-json\/wp\/v2\/product\/105675","targetHints":{"allow":["GET"]}}],"collection":[{"href":"https:\/\/www.kalani-home.com\/de\/wp-json\/wp\/v2\/product"}],"about":[{"href":"https:\/\/www.kalani-home.com\/de\/wp-json\/wp\/v2\/types\/product"}],"replies":[{"embeddable":true,"href":"https:\/\/www.kalani-home.com\/de\/wp-json\/wp\/v2\/comments?post=105675"}],"wp:featuredmedia":[{"embeddable":true,"href":"https:\/\/www.kalani-home.com\/de\/wp-json\/wp\/v2\/media\/107980"}],"wp:attachment":[{"href":"https:\/\/www.kalani-home.com\/de\/wp-json\/wp\/v2\/media?parent=105675"}],"wp:term":[{"taxonomy":"product_brand","embeddable":true,"href":"https:\/\/www.kalani-home.com\/de\/wp-json\/wp\/v2\/product_brand?post=105675"},{"taxonomy":"product_cat","embeddable":true,"href":"https:\/\/www.kalani-home.com\/de\/wp-json\/wp\/v2\/product_cat?post=105675"},{"taxonomy":"product_tag","embeddable":true,"href":"https:\/\/www.kalani-home.com\/de\/wp-json\/wp\/v2\/product_tag?post=105675"}],"curies":[{"name":"wp","href":"https:\/\/api.w.org\/{rel}","templated":true}]}}