{"id":102131,"date":"2021-10-08T19:41:24","date_gmt":"2021-10-08T17:41:24","guid":{"rendered":"https:\/\/www.kalani-home.com\/?post_type=product&#038;p=102131"},"modified":"2026-05-05T16:18:58","modified_gmt":"2026-05-05T14:18:58","slug":"baumwollschutzbundel","status":"publish","type":"product","link":"https:\/\/www.kalani-home.com\/de\/shop\/baumwollschutzbundel\/","title":{"rendered":"Baumwollschutzb\u00fcndel"},"content":{"rendered":"<p><strong>Zusammensetzung:<\/strong> 100% Baumwollfleece gewebt aus feinen, langen, gek\u00e4mmten Baumwollf\u00e4den, bio-zertifiziert GOTS, Fairtrade und Vegan.<\/p>\n<p><strong>Details: <\/strong>ein Paket besteht aus 1 Matratzenbezug + 1 oder 2 (nach Wahl) identischen Kissenschutz:<\/p>\n<p>Matratzenbezug :<\/p>\n<ul>\n<li style=\"list-style-type: none;\">\n<ul>\n<li>Keine Flecken mehr auf der Matratze mit diesem ultra-absorbierenden und atmungsaktiven Matratzenschoner (nicht wasserdicht, also kein synthetisches Futter und keine ungesunde PVC-Grundierung)<\/li>\n<li>Einzigartige Anfertigung mit exklusivem Rundumgummi f\u00fcr besseres Anliegen auf der Matratze<\/li>\n<li>Die Tiefe von 30 cm oder 40cm ist f\u00fcr dicke Matratzen geeignet<\/li>\n<li>Erh\u00e4ltlich in 3 L\u00e4ngen: f\u00fcr Matratzen von 2 m L\u00e4nge oder f\u00fcr Matratzen, die \u00fcber 2,2 m en 2,1 lang sind<\/li>\n<\/ul>\n<\/li>\n<\/ul>\n<p>Kissenschutz:<\/p>\n<ul>\n<li style=\"list-style-type: none;\">\n<ul>\n<li>Keine Flecken mehr auf dem Kopfkissen mit diesem ultra-absorbierenden und atmungsaktiven Kissenschutz (nicht wasserdicht, also kein synthetisches Futter und keine ungesunde PVC-Grundierung)<\/li>\n<li>\u00d6ffnung mit Rei\u00dfverschluss, damit Ihr Kissen an seinem Platz bleibt<\/li>\n<li>Mehrere Gr\u00f6\u00dfen und Formen erh\u00e4ltlich, um den Ma\u00dfen Ihres Kissens bestm\u00f6glich zu entspreche<\/li>\n<\/ul>\n<\/li>\n<\/ul>\n<p>Alle Produkte :<\/p>\n<ul>\n<li style=\"list-style-type: none;\">\n<ul>\n<li>100 % GOTS-zertifizierte Baumwolle, r\u00fcckverfolgbar, gentechnikfrei, verwendete Farben sind \u00f6kologisch, gesundheitlich unbedenklich, umweltfreundlich und sch\u00fctzen die biologische Vielfalt<\/li>\n<li>100 % Fairtrade-zertifizierte Baumwolle, mit Respekt gegen\u00fcber der Bauerngemeinschaft<\/li>\n<li>Ethisch korrekt hergestellt in fairen Fabriken in Indien, in denen die Arbeiter respektvoll behandelt werden<\/li>\n<li>Sorgf\u00e4ltig hergestellt, liebevoll per Hand angefertigt, um den Anforderungen unserer Kunden gerecht zu werden<\/li>\n<li>Hochdichtes (190gr\/m2), atmungsaktives und geb\u00fcrstetes Baumwollfleece f\u00fcr hohen Tragekomfort.<\/li>\n<li>B\u00fcgeln ist nicht n\u00f6tig<\/li>\n<\/ul>\n<\/li>\n<\/ul>\n","protected":false},"excerpt":{"rendered":"<div>Verl\u00e4ngern Sie die Lebensdauer Ihres Matratzen und Kissens\u00a0mit diesem 100% GOTS-zertifizierten Bio-Kissenschutz aus atmungsaktivem, superweichem, sehr komfortablem und extrem saugf\u00e4higem Vlies. Es passt sich perfekt an Ihr Matratzen und Kissen an und sorgt f\u00fcr angenehme und luftige N\u00e4chte in aller Ruhe.<\/div>\n<p>Produkt zu 100% aus biologischer, Fairtrade-zertifizierter Baumwolle, ethisch und \u00f6kologisch.<\/p>\n<p class=\"kalani-green\">Standardm\u00e4\u00dfig schl\u00e4gt das System 1 Kissenschutz vor. Wenn Sie 2 oder mehr Kissenschutz in diesem Paket w\u00fcnschen, passen Sie die Menge bitte manuell an.<\/p>\n","protected":false},"featured_media":101129,"comment_status":"open","ping_status":"closed","template":"","meta":{"_acf_changed":false},"product_brand":[],"product_cat":[3282,1438,2636,3333,3125,3122,3137],"product_tag":[],"class_list":{"0":"post-102131","1":"product","2":"type-product","3":"status-publish","4":"has-post-thumbnail","6":"product_cat-bettwaren","7":"product_cat-bettwasche","8":"product_cat-schlafen-bundel","9":"product_cat-bettwaren-buendel","10":"product_cat-kissenschutz","11":"product_cat-matratzenbezug","12":"product_cat-schutz-de","13":"pa_color-snow-white-de","14":"pa_material-baumwollfleece","15":"pa_size-100-x-200-x-30-cm-de","16":"pa_size-140-x-190-x-30-cm-de","17":"pa_size-140-x-200-x-30-cm-de","18":"pa_size-160-x-200-x-30-cm-de","19":"pa_size-180-x-200-x-30-cm-de","20":"pa_size-180-x-200-x-40-cm-de","21":"pa_size-180-x-210-x-30-cm-de","22":"pa_size-180-x-220-x-30-cm-de","23":"pa_size-40-x-60-cm-de","24":"pa_size-50-x-60-cm-de","25":"pa_size-50-x-70-cm-de","26":"pa_size-50-x-75-cm-de","27":"pa_size-60-x-70-cm-de","28":"pa_size-65-x-65-cm-de","29":"pa_size-90-x-200-x-30-cm-de","31":"first","32":"instock","33":"virtual","34":"taxable","35":"purchasable","36":"product-type-yith_bundle"},"acf":[],"_links":{"self":[{"href":"https:\/\/www.kalani-home.com\/de\/wp-json\/wp\/v2\/product\/102131","targetHints":{"allow":["GET"]}}],"collection":[{"href":"https:\/\/www.kalani-home.com\/de\/wp-json\/wp\/v2\/product"}],"about":[{"href":"https:\/\/www.kalani-home.com\/de\/wp-json\/wp\/v2\/types\/product"}],"replies":[{"embeddable":true,"href":"https:\/\/www.kalani-home.com\/de\/wp-json\/wp\/v2\/comments?post=102131"}],"wp:featuredmedia":[{"embeddable":true,"href":"https:\/\/www.kalani-home.com\/de\/wp-json\/wp\/v2\/media\/101129"}],"wp:attachment":[{"href":"https:\/\/www.kalani-home.com\/de\/wp-json\/wp\/v2\/media?parent=102131"}],"wp:term":[{"taxonomy":"product_brand","embeddable":true,"href":"https:\/\/www.kalani-home.com\/de\/wp-json\/wp\/v2\/product_brand?post=102131"},{"taxonomy":"product_cat","embeddable":true,"href":"https:\/\/www.kalani-home.com\/de\/wp-json\/wp\/v2\/product_cat?post=102131"},{"taxonomy":"product_tag","embeddable":true,"href":"https:\/\/www.kalani-home.com\/de\/wp-json\/wp\/v2\/product_tag?post=102131"}],"curies":[{"name":"wp","href":"https:\/\/api.w.org\/{rel}","templated":true}]}}