{"id":101552,"date":"2021-08-18T16:11:00","date_gmt":"2021-08-18T14:11:00","guid":{"rendered":"https:\/\/www.kalani-home.com\/shop\/furoshiki-geschenkpapier-aus-baumwollsatin\/"},"modified":"2026-04-24T13:46:39","modified_gmt":"2026-04-24T11:46:39","slug":"furoshiki-geschenkpapier-aus-baumwollsatin","status":"publish","type":"product","link":"https:\/\/www.kalani-home.com\/de\/shop\/furoshiki-geschenkpapier-aus-baumwollsatin\/","title":{"rendered":"Furoshiki-Geschenkpapier aus Baumwollsatin"},"content":{"rendered":"<p><strong>Zusammensetzung: <\/strong>100% Baumwollsatin, gewebt aus feinen, langen, gek\u00e4mmten Baumwollf\u00e4den, bio-zertifiziert, Fairtrade und Vegan.<\/p>\n<p><strong>Details:<\/strong><\/p>\n<ul>\n<li>Abmessungen: 100x100cm (ideal zum Verpacken von Geschenken jeder Gr\u00f6\u00dfe bis zu einem Maximum von LxBxH)<\/li>\n<li>100% GOTS-zertifizierte Baumwolle, r\u00fcckverfolgbar, gentechnikfrei, verwendete Farben sind \u00f6kologisch, gesundheitlich unbedenklich, umweltfreundlich und sch\u00fctzen die biologische Vielfalt<\/li>\n<li>100% Fairtrade-zertifizierte Baumwolle, mit Respekt gegen\u00fcber der Bauerngemeinschaft<\/li>\n<li>Ethisch korrekt hergestellt in fairen Fabriken in Indien, in denen die Arbeiter respektvoll behandelt werden<\/li>\n<li>Sorgf\u00e4ltig hergestellt, liebevoll per Hand angefertigt, um den Anforderungen unserer Kunden gerecht zu werden<\/li>\n<li>Feinster Baumwollsatin, mit einer Fadendichte von 300TC (118-120F\u00e4den\/cm\u00b2) mit einfachem Faden<\/li>\n<li>Zarter, heller Glanz<\/li>\n<li>Wird durch Verwendung und mit jedem Waschgang weicher<\/li>\n<li>B\u00fcgeln nicht erforderlich oder bei niedriger Temperatur b\u00fcgeln<\/li>\n<\/ul>\n","protected":false},"excerpt":{"rendered":"<p>Originalit\u00e4t und Weichheit vereinen sich, um Ihre sch\u00f6nsten Geschenke auf \u00f6kologische und ethische Weise zu verpacken.<\/p>\n<p>Abfallfrei und unendlich oft wiederverwendbar, Furoshiki ist eine traditionelle japanische Methode, um Geschenke zu verpacken und die Feiertage zu genie\u00dfen, ohne das \u00f6kologische Gewissen zu belasten.<\/p>\n<p>F\u00fcgen Sie einen kleinen Tannenzweig, Eukalyptus oder eine sch\u00f6ne getrocknete Blume hinzu und gestalten Sie ihn so individuell, wie Sie m\u00f6chten. Dann befestigen Sie mit einem St\u00fcck recycelter Schnur eine s\u00fc\u00dfe Notiz daran.<\/p>\n<p>Und da ist sie!<\/p>\n<p>Produkt zu 100% aus biologischer, Fairtrade-zertifizierter Baumwolle, ethisch und \u00f6kologisch.<\/p>\n","protected":false},"featured_media":104371,"comment_status":"open","ping_status":"closed","template":"","meta":{"_acf_changed":false},"product_brand":[],"product_cat":[3049,1444,1446,1447,1438,2636,3119,1448,1445],"product_tag":[],"class_list":{"0":"post-101552","1":"product","2":"type-product","3":"status-publish","4":"has-post-thumbnail","6":"product_cat-accessoires-de","7":"product_cat-baby-spannbettlaken","8":"product_cat-bettbezug","9":"product_cat-bettlaken","10":"product_cat-bettwasche","11":"product_cat-schlafen-bundel","12":"product_cat-furoshiki-de","13":"product_cat-kissenbezug","14":"product_cat-spannbettlaken","15":"pa_color-natural-de","16":"pa_origin-indien","17":"pa_size-100-x-100-cm-de","19":"first","20":"instock","21":"taxable","22":"shipping-taxable","23":"purchasable","24":"product-type-variable","25":"has-default-attributes"},"acf":[],"_links":{"self":[{"href":"https:\/\/www.kalani-home.com\/de\/wp-json\/wp\/v2\/product\/101552","targetHints":{"allow":["GET"]}}],"collection":[{"href":"https:\/\/www.kalani-home.com\/de\/wp-json\/wp\/v2\/product"}],"about":[{"href":"https:\/\/www.kalani-home.com\/de\/wp-json\/wp\/v2\/types\/product"}],"replies":[{"embeddable":true,"href":"https:\/\/www.kalani-home.com\/de\/wp-json\/wp\/v2\/comments?post=101552"}],"wp:featuredmedia":[{"embeddable":true,"href":"https:\/\/www.kalani-home.com\/de\/wp-json\/wp\/v2\/media\/104371"}],"wp:attachment":[{"href":"https:\/\/www.kalani-home.com\/de\/wp-json\/wp\/v2\/media?parent=101552"}],"wp:term":[{"taxonomy":"product_brand","embeddable":true,"href":"https:\/\/www.kalani-home.com\/de\/wp-json\/wp\/v2\/product_brand?post=101552"},{"taxonomy":"product_cat","embeddable":true,"href":"https:\/\/www.kalani-home.com\/de\/wp-json\/wp\/v2\/product_cat?post=101552"},{"taxonomy":"product_tag","embeddable":true,"href":"https:\/\/www.kalani-home.com\/de\/wp-json\/wp\/v2\/product_tag?post=101552"}],"curies":[{"name":"wp","href":"https:\/\/api.w.org\/{rel}","templated":true}]}}