{"id":101479,"date":"2021-10-05T13:36:43","date_gmt":"2021-10-05T11:36:43","guid":{"rendered":"https:\/\/www.kalani-home.com\/?post_type=product&#038;p=101479"},"modified":"2026-05-12T14:02:17","modified_gmt":"2026-05-12T12:02:17","slug":"baumwolle-matratzenbezug","status":"publish","type":"product","link":"https:\/\/www.kalani-home.com\/de\/shop\/baumwolle-matratzenbezug\/","title":{"rendered":"Baumwolle Matratzenbezug"},"content":{"rendered":"<p><strong>Zusammensetzung:<\/strong> 100% Baumwollfleece gewebt aus feinen, langen, gek\u00e4mmten Baumwollf\u00e4den, bio-zertifiziert GOTS, Fairtrade und Vegan.<\/p>\n<p><strong>Details:<\/strong><\/p>\n<ul>\n<li>Keine Flecken mehr auf der Matratze mit diesem ultra-absorbierenden und atmungsaktiven Matratzenschoner (nicht wasserdicht, also kein synthetisches Futter und keine ungesunde PVC-Grundierung)<\/li>\n<li>Einzigartige Anfertigung mit exklusivem Rundumgummi f\u00fcr besseres Anliegen auf der Matratze<\/li>\n<li>Die Tiefe von 30 cm oder 40cm ist f\u00fcr dicke Matratzen geeignet<\/li>\n<li>Erh\u00e4ltlich in 3 L\u00e4ngen: f\u00fcr Matratzen von 2 m L\u00e4nge oder f\u00fcr Matratzen, die \u00fcber 2,2 m en 2,1 lang sind<\/li>\n<li>Gr\u00f6\u00dfentipp: W\u00e4hlen Sie f\u00fcr Ihren Matratzenschutz genau die gleiche Gr\u00f6\u00dfe wie Ihre Matratze..<!-- notionvc: 2fcde6bf-bc4d-4ab7-b005-a1b28a45ec4b --><\/li>\n<li>100 % GOTS-zertifizierte Baumwolle, r\u00fcckverfolgbar, gentechnikfrei, verwendete Farben sind \u00f6kologisch, gesundheitlich unbedenklich, umweltfreundlich und sch\u00fctzen die biologische Vielfalt<\/li>\n<li>100 % Fairtrade-zertifizierte Baumwolle, mit Respekt gegen\u00fcber der Bauerngemeinschaft<\/li>\n<li>Ethisch korrekt hergestellt in fairen Fabriken in Indien, in denen die Arbeiter respektvoll behandelt werden<\/li>\n<li>Sorgf\u00e4ltig hergestellt, liebevoll per Hand angefertigt, um den Anforderungen unserer Kunden gerecht zu werden<\/li>\n<li>Hochdichtes (190 gr\/m2), atmungsaktives und geb\u00fcrstetes Baumwollfleece f\u00fcr hohen Tragekomfort.<\/li>\n<li>B\u00fcgeln ist nicht n\u00f6tig<\/li>\n<\/ul>\n","protected":false},"excerpt":{"rendered":"<div>\n<p>Verl\u00e4ngern Sie die Lebensdauer Ihrer Matratze mit diesem 100% GOTS-zertifizierten Bio-Matratzenschoner aus atmungsaktivem, superweichem, sehr bequemem und extrem saugf\u00e4higem Vlies. Es passt sich perfekt an Ihre Matratze an und sorgt f\u00fcr angenehme und luftige N\u00e4chte mit absoluter Ruhe.<\/p>\n<\/div>\n<p>Produkt zu 100% aus biologischer, Fairtrade-zertifizierter Baumwolle, ethisch und \u00f6kologisch.<\/p>\n","protected":false},"featured_media":130396,"comment_status":"open","ping_status":"closed","template":"","meta":{"_acf_changed":false},"product_brand":[],"product_cat":[3282,1438,3288,3122,3137],"product_tag":[],"class_list":{"0":"post-101479","1":"product","2":"type-product","3":"status-publish","4":"has-post-thumbnail","6":"product_cat-bettwaren","7":"product_cat-bettwasche","8":"product_cat-matratzenauflage","9":"product_cat-matratzenbezug","10":"product_cat-schutz-de","11":"pa_color-snow-white-de","12":"pa_genre-matratzenbezug","13":"pa_material-baumwollfleece","14":"pa_origin-indien","15":"pa_size-140-x-190-x-30-cm-de","16":"pa_size-140-x-200-x-30-cm-de","17":"pa_size-160-x-200-x-30-cm-de","18":"pa_size-180-x-200-x-30-cm-de","19":"pa_size-180-x-200-x-40-cm-de","20":"pa_size-180-x-210-x-30-cm-de","21":"pa_size-180-x-220-x-30-cm-de","22":"pa_size-200-x-200-x-30-cm-de","23":"pa_size-200-x-210-x-30-cm-de","24":"pa_size-200-x-220-x-30-cm-de","25":"pa_size-80-x-200-x-30-cm-de","26":"pa_size-90-x-200-x-30-cm-de","28":"first","29":"instock","30":"taxable","31":"shipping-taxable","32":"purchasable","33":"product-type-variable","34":"has-default-attributes"},"acf":[],"_links":{"self":[{"href":"https:\/\/www.kalani-home.com\/de\/wp-json\/wp\/v2\/product\/101479","targetHints":{"allow":["GET"]}}],"collection":[{"href":"https:\/\/www.kalani-home.com\/de\/wp-json\/wp\/v2\/product"}],"about":[{"href":"https:\/\/www.kalani-home.com\/de\/wp-json\/wp\/v2\/types\/product"}],"replies":[{"embeddable":true,"href":"https:\/\/www.kalani-home.com\/de\/wp-json\/wp\/v2\/comments?post=101479"}],"wp:featuredmedia":[{"embeddable":true,"href":"https:\/\/www.kalani-home.com\/de\/wp-json\/wp\/v2\/media\/130396"}],"wp:attachment":[{"href":"https:\/\/www.kalani-home.com\/de\/wp-json\/wp\/v2\/media?parent=101479"}],"wp:term":[{"taxonomy":"product_brand","embeddable":true,"href":"https:\/\/www.kalani-home.com\/de\/wp-json\/wp\/v2\/product_brand?post=101479"},{"taxonomy":"product_cat","embeddable":true,"href":"https:\/\/www.kalani-home.com\/de\/wp-json\/wp\/v2\/product_cat?post=101479"},{"taxonomy":"product_tag","embeddable":true,"href":"https:\/\/www.kalani-home.com\/de\/wp-json\/wp\/v2\/product_tag?post=101479"}],"curies":[{"name":"wp","href":"https:\/\/api.w.org\/{rel}","templated":true}]}}