{"id":101207,"date":"2021-10-05T11:31:56","date_gmt":"2021-10-05T09:31:56","guid":{"rendered":"https:\/\/www.kalani-home.com\/?post_type=product&#038;p=101207"},"modified":"2026-05-04T15:46:09","modified_gmt":"2026-05-04T13:46:09","slug":"baumwoll-kissenschutz","status":"publish","type":"product","link":"https:\/\/www.kalani-home.com\/de\/shop\/baumwoll-kissenschutz\/","title":{"rendered":"Baumwoll-Kissenschutz"},"content":{"rendered":"<p><strong>Zusammensetzung:<\/strong> 100% Baumwollfleece gewebt aus feinen, langen, gek\u00e4mmten Baumwollf\u00e4den, bio-zertifiziert GOTS, Fairtrade und Vegan.<\/p>\n<p><strong>Details:<\/strong><\/p>\n<ul>\n<li>Keine Flecken mehr auf dem Kopfkissen mit diesem ultra-absorbierenden und atmungsaktiven Kissenschutz (nicht wasserdicht, also kein synthetisches Futter und keine ungesunde PVC-Grundierung)<\/li>\n<li>\u00d6ffnung mit Rei\u00dfverschluss, damit Ihr Kissen an seinem Platz bleibt<\/li>\n<li>Mehrere Gr\u00f6\u00dfen und Formen erh\u00e4ltlich, um den Ma\u00dfen Ihres Kissens bestm\u00f6glich zu entspreche<\/li>\n<li>Tipp zur Gr\u00f6\u00dfe: W\u00e4hlen Sie f\u00fcr Ihren Kissenschutz genau die gleiche Gr\u00f6\u00dfe wie Ihr Kopfkissen.<\/li>\n<li>100 % GOTS-zertifizierte Baumwolle, r\u00fcckverfolgbar, gentechnikfrei, verwendete Farben sind \u00f6kologisch, gesundheitlich unbedenklich, umweltfreundlich und sch\u00fctzen die biologische Vielfalt<\/li>\n<li>100 % Fairtrade-zertifizierte Baumwolle, mit Respekt gegen\u00fcber der Bauerngemeinschaft<\/li>\n<li>Ethisch korrekt hergestellt in fairen Fabriken in Indien, in denen die Arbeiter respektvoll behandelt werden<\/li>\n<li>Sorgf\u00e4ltig hergestellt, liebevoll per Hand angefertigt, um den Anforderungen unserer Kunden gerecht zu werden<\/li>\n<li>Hochdichtes (190 gr\/m2), atmungsaktives und geb\u00fcrstetes Baumwollfleece f\u00fcr hohen Tragekomfort.<\/li>\n<li>B\u00fcgeln ist nicht n\u00f6tig<\/li>\n<\/ul>\n","protected":false},"excerpt":{"rendered":"<div>\n<p>Verl\u00e4ngern Sie die Lebensdauer Ihres Kissens mit diesem 100% GOTS-zertifizierten Bio-Kissenschutz aus atmungsaktivem, superweichem, sehr komfortablem und extrem saugf\u00e4higem Vlies. Es passt sich perfekt an Ihr Kopfkissen an und sorgt f\u00fcr angenehme und luftige N\u00e4chte in aller Ruhe.<\/p>\n<\/div>\n<p>Produkt zu 100% aus biologischer, Fairtrade-zertifizierter Baumwolle, ethisch und \u00f6kologisch.<\/p>\n","protected":false},"featured_media":130408,"comment_status":"open","ping_status":"closed","template":"","meta":{"_acf_changed":false},"product_brand":[],"product_cat":[3282,1438,3291,3125,3137],"product_tag":[],"class_list":{"0":"post-101207","1":"product","2":"type-product","3":"status-publish","4":"has-post-thumbnail","6":"product_cat-bettwaren","7":"product_cat-bettwasche","8":"product_cat-kissen","9":"product_cat-kissenschutz","10":"product_cat-schutz-de","11":"pa_color-snow-white-de","12":"pa_genre-kussenbeschermer-de","13":"pa_material-baumwollfleece","14":"pa_origin-indien","15":"pa_size-40-x-60-cm-de","16":"pa_size-50-x-60-cm-de","17":"pa_size-50-x-70-cm-de","18":"pa_size-50-x-75-cm-de","19":"pa_size-60-x-70-cm-de","20":"pa_size-65-x-65-cm-de","22":"first","23":"instock","24":"taxable","25":"shipping-taxable","26":"purchasable","27":"product-type-variable","28":"has-default-attributes"},"acf":[],"_links":{"self":[{"href":"https:\/\/www.kalani-home.com\/de\/wp-json\/wp\/v2\/product\/101207","targetHints":{"allow":["GET"]}}],"collection":[{"href":"https:\/\/www.kalani-home.com\/de\/wp-json\/wp\/v2\/product"}],"about":[{"href":"https:\/\/www.kalani-home.com\/de\/wp-json\/wp\/v2\/types\/product"}],"replies":[{"embeddable":true,"href":"https:\/\/www.kalani-home.com\/de\/wp-json\/wp\/v2\/comments?post=101207"}],"wp:featuredmedia":[{"embeddable":true,"href":"https:\/\/www.kalani-home.com\/de\/wp-json\/wp\/v2\/media\/130408"}],"wp:attachment":[{"href":"https:\/\/www.kalani-home.com\/de\/wp-json\/wp\/v2\/media?parent=101207"}],"wp:term":[{"taxonomy":"product_brand","embeddable":true,"href":"https:\/\/www.kalani-home.com\/de\/wp-json\/wp\/v2\/product_brand?post=101207"},{"taxonomy":"product_cat","embeddable":true,"href":"https:\/\/www.kalani-home.com\/de\/wp-json\/wp\/v2\/product_cat?post=101207"},{"taxonomy":"product_tag","embeddable":true,"href":"https:\/\/www.kalani-home.com\/de\/wp-json\/wp\/v2\/product_tag?post=101207"}],"curies":[{"name":"wp","href":"https:\/\/api.w.org\/{rel}","templated":true}]}}