{"id":41014,"date":"2020-01-02T16:21:42","date_gmt":"2020-01-02T15:21:42","guid":{"rendered":"https:\/\/content.kalani.eu\/ueber\/"},"modified":"2022-02-25T10:02:55","modified_gmt":"2022-02-25T09:02:55","slug":"ueber","status":"publish","type":"page","link":"https:\/\/www.kalani-home.com\/de\/ueber\/","title":{"rendered":"\u00dcber"},"content":{"rendered":"\t\t<div data-elementor-type=\"wp-post\" data-elementor-id=\"41014\" class=\"elementor elementor-41014 elementor-29443\" data-elementor-post-type=\"page\">\n\t\t\t\t\t\t<section class=\"elementor-section elementor-top-section elementor-element elementor-element-e077a5e elementor-section-content-middle elementor-reverse-mobile elementor-section-boxed elementor-section-height-default elementor-section-height-default\" data-id=\"e077a5e\" data-element_type=\"section\" data-e-type=\"section\">\n\t\t\t\t\t\t<div class=\"elementor-container elementor-column-gap-extended\">\n\t\t\t\t\t<div class=\"elementor-column elementor-col-50 elementor-top-column elementor-element elementor-element-34ebe00\" data-id=\"34ebe00\" data-element_type=\"column\" data-e-type=\"column\">\n\t\t\t<div class=\"elementor-widget-wrap elementor-element-populated\">\n\t\t\t\t\t\t\t<\/div>\n\t\t<\/div>\n\t\t\t\t<div class=\"elementor-column elementor-col-50 elementor-top-column elementor-element elementor-element-69c5697\" data-id=\"69c5697\" data-element_type=\"column\" data-e-type=\"column\">\n\t\t\t<div class=\"elementor-widget-wrap elementor-element-populated\">\n\t\t\t\t\t\t<div class=\"elementor-element elementor-element-6b68082 elementor-align-right elementor-mobile-align-left elementor-widget elementor-widget-breadcrumbs\" data-id=\"6b68082\" data-element_type=\"widget\" data-e-type=\"widget\" data-widget_type=\"breadcrumbs.default\">\n\t\t\t\t<div class=\"elementor-widget-container\">\n\t\t\t\t\t<p id=\"breadcrumbs\"><span><span><a href=\"https:\/\/www.kalani-home.com\/de\/\">Home<\/a><\/span><\/span><\/p>\t\t\t\t<\/div>\n\t\t\t\t<\/div>\n\t\t\t\t\t<\/div>\n\t\t<\/div>\n\t\t\t\t\t<\/div>\n\t\t<\/section>\n\t\t\t\t<section class=\"elementor-section elementor-top-section elementor-element elementor-element-eabbe82 elementor-section-boxed elementor-section-height-default elementor-section-height-default\" data-id=\"eabbe82\" data-element_type=\"section\" data-e-type=\"section\" data-settings=\"{&quot;background_background&quot;:&quot;classic&quot;}\">\n\t\t\t\t\t\t<div class=\"elementor-container elementor-column-gap-extended\">\n\t\t\t\t\t<div class=\"elementor-column elementor-col-100 elementor-top-column elementor-element elementor-element-24a703a\" data-id=\"24a703a\" data-element_type=\"column\" data-e-type=\"column\">\n\t\t\t<div class=\"elementor-widget-wrap elementor-element-populated\">\n\t\t\t\t\t\t<div class=\"elementor-element elementor-element-c51c241 elementor-widget elementor-widget-heading\" data-id=\"c51c241\" data-element_type=\"widget\" data-e-type=\"widget\" data-widget_type=\"heading.default\">\n\t\t\t\t<div class=\"elementor-widget-container\">\n\t\t\t\t\t<h2 class=\"elementor-heading-title elementor-size-default\">100% organisch &amp; ethisch <br>hochwertige Heimtextilien, wunderbar bequem <br>zu einem erschwinglichen Preis.<\/h2>\t\t\t\t<\/div>\n\t\t\t\t<\/div>\n\t\t\t\t\t<\/div>\n\t\t<\/div>\n\t\t\t\t\t<\/div>\n\t\t<\/section>\n\t\t\t\t<section class=\"elementor-section elementor-top-section elementor-element elementor-element-f5d7ab6 elementor-section-boxed elementor-section-height-default elementor-section-height-default\" data-id=\"f5d7ab6\" data-element_type=\"section\" data-e-type=\"section\">\n\t\t\t\t\t\t<div class=\"elementor-container elementor-column-gap-extended\">\n\t\t\t\t\t<div class=\"elementor-column elementor-col-100 elementor-top-column elementor-element elementor-element-830e0f6\" data-id=\"830e0f6\" data-element_type=\"column\" data-e-type=\"column\">\n\t\t\t<div class=\"elementor-widget-wrap elementor-element-populated\">\n\t\t\t\t\t\t<div class=\"elementor-element elementor-element-a79373a elementor-widget elementor-widget-heading\" data-id=\"a79373a\" data-element_type=\"widget\" data-e-type=\"widget\" data-widget_type=\"heading.default\">\n\t\t\t\t<div class=\"elementor-widget-container\">\n\t\t\t\t\t<h4 class=\"elementor-heading-title elementor-size-default\">Kalani ist ein Vorname in Polynesien, der \u201edas Paradies\u201c bedeutet \u2026 <br>und erinnert gleichzeitig an das franz\u00f6sische Wort \u201ec\u00e2lin\u201c \u2013 Z\u00e4rtlichkeit.<\/h4>\t\t\t\t<\/div>\n\t\t\t\t<\/div>\n\t\t\t\t\t<\/div>\n\t\t<\/div>\n\t\t\t\t\t<\/div>\n\t\t<\/section>\n\t\t\t\t<section class=\"elementor-section elementor-top-section elementor-element elementor-element-3e6d3a6 elementor-section-boxed elementor-section-height-default elementor-section-height-default\" data-id=\"3e6d3a6\" data-element_type=\"section\" data-e-type=\"section\">\n\t\t\t\t\t\t<div class=\"elementor-container elementor-column-gap-extended\">\n\t\t\t\t\t<div class=\"elementor-column elementor-col-100 elementor-top-column elementor-element elementor-element-15cacf57\" data-id=\"15cacf57\" data-element_type=\"column\" data-e-type=\"column\">\n\t\t\t<div class=\"elementor-widget-wrap elementor-element-populated\">\n\t\t\t\t\t\t<div class=\"elementor-element elementor-element-40266acf elementor-position-left elementor-vertical-align-middle elementor-widget elementor-widget-image-box\" data-id=\"40266acf\" data-element_type=\"widget\" data-e-type=\"widget\" data-widget_type=\"image-box.default\">\n\t\t\t\t<div class=\"elementor-widget-container\">\n\t\t\t\t\t<div class=\"elementor-image-box-wrapper\"><figure class=\"elementor-image-box-img\"><img decoding=\"async\" src=\"https:\/\/www.kalani-home.com\/wp-content\/uploads\/about-unique-concept.jpg\" title=\"\u00dcber &#8211; Einzigartiges Konzept\" alt=\"\u00dcber - Einzigartiges Konzept\" loading=\"lazy\" \/><\/figure><div class=\"elementor-image-box-content\"><h3 class=\"elementor-image-box-title\">Ein einzigartiges Konzept<\/h3><p class=\"elementor-image-box-description\">Wussten Sie, dass wir durchschnittlich 30 % unseres Lebens im Bett verbringen? <br>Noch ein Grund mehr sich zu fragen: Sind wir mit der Qualit\u00e4t\/dem Preis der auf dem Markt erh\u00e4ltlichen Bettw\u00e4sche zufrieden? Ist es nicht an der Zeit, einen fairen Preis f\u00fcr diesen Luxus und f\u00fcr einen Schlaf, so angenehm wie in einem feinen Hotel zu zahlen?<\/p><\/div><\/div>\t\t\t\t<\/div>\n\t\t\t\t<\/div>\n\t\t\t\t\t<\/div>\n\t\t<\/div>\n\t\t\t\t\t<\/div>\n\t\t<\/section>\n\t\t\t\t<section class=\"elementor-section elementor-top-section elementor-element elementor-element-422e8b6 elementor-section-boxed elementor-section-height-default elementor-section-height-default\" data-id=\"422e8b6\" data-element_type=\"section\" data-e-type=\"section\">\n\t\t\t\t\t\t<div class=\"elementor-container elementor-column-gap-extended\">\n\t\t\t\t\t<div class=\"elementor-column elementor-col-100 elementor-top-column elementor-element elementor-element-393b4f8\" data-id=\"393b4f8\" data-element_type=\"column\" data-e-type=\"column\">\n\t\t\t<div class=\"elementor-widget-wrap elementor-element-populated\">\n\t\t\t\t\t\t<div class=\"elementor-element elementor-element-27da56b elementor-widget elementor-widget-heading\" data-id=\"27da56b\" data-element_type=\"widget\" data-e-type=\"widget\" data-widget_type=\"heading.default\">\n\t\t\t\t<div class=\"elementor-widget-container\">\n\t\t\t\t\t<h4 class=\"elementor-heading-title elementor-size-default\">Kalani ist die belgische Bettw\u00e4schen-Marke, die den Markt aufwirbeln und Sie \u00fcberraschen wird! Traumhafte N\u00e4chte, maximaler Komfort, ges\u00fcnderer Schlaf, ein w\u00fcrdevolleres Leben f\u00fcr die Bio-Baumwollbauern, Schutz f\u00fcr die Umwelt, Teilnahme an der Aufteilung der Ressourcen von Kalani und des gesamten Planeten mit all den V\u00f6lkern dieser Welt... <\/h4>\t\t\t\t<\/div>\n\t\t\t\t<\/div>\n\t\t\t\t\t<\/div>\n\t\t<\/div>\n\t\t\t\t\t<\/div>\n\t\t<\/section>\n\t\t\t\t<section class=\"elementor-section elementor-top-section elementor-element elementor-element-3c750f91 elementor-section-boxed elementor-section-height-default elementor-section-height-default\" data-id=\"3c750f91\" data-element_type=\"section\" data-e-type=\"section\">\n\t\t\t\t\t\t<div class=\"elementor-container elementor-column-gap-extended\">\n\t\t\t\t\t<div class=\"elementor-column elementor-col-100 elementor-top-column elementor-element elementor-element-4b2df918\" data-id=\"4b2df918\" data-element_type=\"column\" data-e-type=\"column\">\n\t\t\t<div class=\"elementor-widget-wrap elementor-element-populated\">\n\t\t\t\t\t\t<div class=\"elementor-element elementor-element-43a3bdc0 elementor-position-right elementor-vertical-align-middle elementor-widget elementor-widget-image-box\" data-id=\"43a3bdc0\" data-element_type=\"widget\" data-e-type=\"widget\" data-widget_type=\"image-box.default\">\n\t\t\t\t<div class=\"elementor-widget-container\">\n\t\t\t\t\t<div class=\"elementor-image-box-wrapper\"><figure class=\"elementor-image-box-img\"><img decoding=\"async\" src=\"https:\/\/www.kalani-home.com\/wp-content\/uploads\/about-our-history.jpg\" title=\"\u00dcber &#8211; Unsere Geschichte\" alt=\"\u00dcber - Unsere Geschichte\" loading=\"lazy\" \/><\/figure><div class=\"elementor-image-box-content\"><h3 class=\"elementor-image-box-title\">Unsere Geschichte<\/h3><p class=\"elementor-image-box-description\"><p>Nach fast 18 Jahren im Bekleidungssektor und zahlreichen Reisen in Produktionsl\u00e4nder auf vier Kontinenten wurde dem Gr\u00fcnder von Kalani, Bruno Van Steenberghe, bewusst, dass er nicht l\u00e4nger seine Augen vor den Arbeitsbedingungen und den \u00f6kologischen Auswirkungen der Textilindustrie verschlie\u00dfen konnte. <br>Er beschloss, sich ein ganzes Jahr lang autodidaktisch \u00fcber eine andere Vision des Textilsektors zu bilden, mit einem ganzheitlichen Ansatz und mit Respekt gegen\u00fcber den Menschen und der Natur, die in den Wertsch\u00f6pfungsprozess mit einbezogen sind. <\/p><p> Im Jahr 2011 ist er an der Einf\u00fchrung einer neuen qualitativ hochwertigen und nachhaltigen Bekleidungsmarke beteiligt, die auf dem europ\u00e4ischen Markt rasantes Wachstum und vollen Erfolg erf\u00e4hrt. <br>Anfang des Jahres 2016 beginnt ein neues Abenteuer: Bruno beschlie\u00dft, eine neue Marke zu schaffen, wieder im Textilbereich und dieses Mal noch mehr seinen Werten verpflichtet. <\/p><\/p><\/div><\/div>\t\t\t\t<\/div>\n\t\t\t\t<\/div>\n\t\t\t\t\t<\/div>\n\t\t<\/div>\n\t\t\t\t\t<\/div>\n\t\t<\/section>\n\t\t\t\t<section class=\"elementor-section elementor-top-section elementor-element elementor-element-d649f98 elementor-section-boxed elementor-section-height-default elementor-section-height-default\" data-id=\"d649f98\" data-element_type=\"section\" data-e-type=\"section\">\n\t\t\t\t\t\t<div class=\"elementor-container elementor-column-gap-extended\">\n\t\t\t\t\t<div class=\"elementor-column elementor-col-100 elementor-top-column elementor-element elementor-element-1c5f159\" data-id=\"1c5f159\" data-element_type=\"column\" data-e-type=\"column\">\n\t\t\t<div class=\"elementor-widget-wrap elementor-element-populated\">\n\t\t\t\t\t\t<div class=\"elementor-element elementor-element-cace8c0 elementor-widget elementor-widget-heading\" data-id=\"cace8c0\" data-element_type=\"widget\" data-e-type=\"widget\" data-widget_type=\"heading.default\">\n\t\t\t\t<div class=\"elementor-widget-container\">\n\t\t\t\t\t<h4 class=\"elementor-heading-title elementor-size-default\">Die Idee Kalani entstand im Jahr 2012 aus der Erkenntnis, dass die Meisten qualitativ nicht besonders hochwertige Bettw\u00e4sche und Bettbez\u00fcge verwenden, die zwar zu einem angemessenen Preis erworben werden, allerdings keinen besonderen Einfluss auf das Wohlbefinden haben. F\u00fcr viele von uns geht es dabei um einen rationalen Kauf und weniger um den Genuss.<\/h4>\t\t\t\t<\/div>\n\t\t\t\t<\/div>\n\t\t\t\t\t<\/div>\n\t\t<\/div>\n\t\t\t\t\t<\/div>\n\t\t<\/section>\n\t\t\t\t<section class=\"elementor-section elementor-top-section elementor-element elementor-element-cd9f6e9 elementor-section-boxed elementor-section-height-default elementor-section-height-default\" data-id=\"cd9f6e9\" data-element_type=\"section\" data-e-type=\"section\">\n\t\t\t\t\t\t<div class=\"elementor-container elementor-column-gap-extended\">\n\t\t\t\t\t<div class=\"elementor-column elementor-col-100 elementor-top-column elementor-element elementor-element-3490cd2\" data-id=\"3490cd2\" data-element_type=\"column\" data-e-type=\"column\">\n\t\t\t<div class=\"elementor-widget-wrap elementor-element-populated\">\n\t\t\t\t\t\t<div class=\"elementor-element elementor-element-ffbb880 elementor-position-left elementor-vertical-align-middle elementor-widget elementor-widget-image-box\" data-id=\"ffbb880\" data-element_type=\"widget\" data-e-type=\"widget\" data-widget_type=\"image-box.default\">\n\t\t\t\t<div class=\"elementor-widget-container\">\n\t\t\t\t\t<div class=\"elementor-image-box-wrapper\"><figure class=\"elementor-image-box-img\"><img decoding=\"async\" src=\"https:\/\/www.kalani-home.com\/wp-content\/uploads\/about-from-concept-to-realisation.jpg\" title=\"\u00dcber &#8211; Vom Entwurf bis zur Herstellung\" alt=\"\u00dcber - Vom Entwurf bis zur Herstellung\" loading=\"lazy\" \/><\/figure><div class=\"elementor-image-box-content\"><h3 class=\"elementor-image-box-title\">Vom Entwurf bis zur Herstellung<\/h3><p class=\"elementor-image-box-description\"><p>Bruno Van Steenberghe nimmt also die Herausforderung an: Er will den europ\u00e4ischen Verbrauchern die M\u00f6glichkeit geben, online luxuri\u00f6se, zeitlose, unvergleichbar weiche, gesunde, \u00f6kologische und ethische Bettw\u00e4sche ausgezeichneter Qualit\u00e4t zu erwerben \u2013 f\u00fcr den wahren Genuss.<\/p><p> Das Konzept: garantiertes Einhalten dieser Qualit\u00e4tskriterien sowie erschwingliche Preise und faire Gewinnspannen dank Vermeidung s\u00e4mtlicher Zwischenh\u00e4ndler, ob vor- oder nachgelagert, erm\u00f6glicht durch Online-Verkauf. <\/p><\/p><\/div><\/div>\t\t\t\t<\/div>\n\t\t\t\t<\/div>\n\t\t\t\t\t<\/div>\n\t\t<\/div>\n\t\t\t\t\t<\/div>\n\t\t<\/section>\n\t\t\t\t<section class=\"elementor-section elementor-top-section elementor-element elementor-element-5841dc6 elementor-section-boxed elementor-section-height-default elementor-section-height-default\" data-id=\"5841dc6\" data-element_type=\"section\" data-e-type=\"section\">\n\t\t\t\t\t\t<div class=\"elementor-container elementor-column-gap-extended\">\n\t\t\t\t\t<div class=\"elementor-column elementor-col-100 elementor-top-column elementor-element elementor-element-61478bf\" data-id=\"61478bf\" data-element_type=\"column\" data-e-type=\"column\">\n\t\t\t<div class=\"elementor-widget-wrap elementor-element-populated\">\n\t\t\t\t\t\t<div class=\"elementor-element elementor-element-a170e53 elementor-position-right elementor-vertical-align-middle elementor-widget elementor-widget-image-box\" data-id=\"a170e53\" data-element_type=\"widget\" data-e-type=\"widget\" data-widget_type=\"image-box.default\">\n\t\t\t\t<div class=\"elementor-widget-container\">\n\t\t\t\t\t<div class=\"elementor-image-box-wrapper\"><figure class=\"elementor-image-box-img\"><img decoding=\"async\" src=\"https:\/\/www.kalani-home.com\/wp-content\/uploads\/about-our-mission.jpg\" title=\"\u00dcber &#8211; Unsere Mission\" alt=\"\u00dcber - Unsere Mission\" loading=\"lazy\" \/><\/figure><div class=\"elementor-image-box-content\"><h3 class=\"elementor-image-box-title\">Unsere Mission<\/h3><p class=\"elementor-image-box-description\"><p>Kalani ist eine fr\u00f6hliche Marke, die dazu beitr\u00e4gt, die Menschen durch einen einfacheren Zugang zu gehobenem Schlafkomfort und besserer Erholung gl\u00fccklicher zu machen \u2013 und das mit Geschmack und dem feinen Unterschied. <\/p><p>Bettw\u00e4sche, die Ma\u00dfst\u00e4be setzt, die \u00fcberrascht und eine unvergessliche sinnliche Erfahrung bereitet, dank ihrer hervorragenden Qualit\u00e4t, ihrer Einfachheit und ihrer Integrit\u00e4t in Bezug auf Nachhaltigkeit und Transparenz f\u00fcr bessere Lebensqualit\u00e4t, das Wohlbefinden der Menschen sowie f\u00fcr den Umweltschutz. <\/p><\/p><\/div><\/div>\t\t\t\t<\/div>\n\t\t\t\t<\/div>\n\t\t\t\t\t<\/div>\n\t\t<\/div>\n\t\t\t\t\t<\/div>\n\t\t<\/section>\n\t\t\t\t<section class=\"elementor-section elementor-top-section elementor-element elementor-element-7c27b2dd elementor-section-boxed elementor-section-height-default elementor-section-height-default\" data-id=\"7c27b2dd\" data-element_type=\"section\" data-e-type=\"section\">\n\t\t\t\t\t\t<div class=\"elementor-container elementor-column-gap-extended\">\n\t\t\t\t\t<div class=\"elementor-column elementor-col-33 elementor-top-column elementor-element elementor-element-16386ad4\" data-id=\"16386ad4\" data-element_type=\"column\" data-e-type=\"column\">\n\t\t\t<div class=\"elementor-widget-wrap elementor-element-populated\">\n\t\t\t\t\t\t<div class=\"elementor-element elementor-element-6ea52287 elementor-position-left elementor-vertical-align-top elementor-widget elementor-widget-image-box\" data-id=\"6ea52287\" data-element_type=\"widget\" data-e-type=\"widget\" data-widget_type=\"image-box.default\">\n\t\t\t\t<div class=\"elementor-widget-container\">\n\t\t\t\t\t<div class=\"elementor-image-box-wrapper\"><figure class=\"elementor-image-box-img\"><img decoding=\"async\" src=\"https:\/\/www.kalani-home.com\/wp-content\/uploads\/kalani-icon-authenticity-200x200.svg\" class=\"attachment-full size-full wp-image-37983\" alt=\"Authentizit\u00e4t\" \/><\/figure><div class=\"elementor-image-box-content\"><h5 class=\"elementor-image-box-title\">Authentizit\u00e4t<\/h5><p class=\"elementor-image-box-description\">Das bedeutet, dass wir alles mit ganzem Herzen tun und dabei stets Fairness und Ehrlichkeit an den Tag legen.<\/p><\/div><\/div>\t\t\t\t<\/div>\n\t\t\t\t<\/div>\n\t\t\t\t<div class=\"elementor-element elementor-element-58afaab9 elementor-position-left elementor-vertical-align-top elementor-widget elementor-widget-image-box\" data-id=\"58afaab9\" data-element_type=\"widget\" data-e-type=\"widget\" data-widget_type=\"image-box.default\">\n\t\t\t\t<div class=\"elementor-widget-container\">\n\t\t\t\t\t<div class=\"elementor-image-box-wrapper\"><figure class=\"elementor-image-box-img\"><img decoding=\"async\" src=\"https:\/\/www.kalani-home.com\/wp-content\/uploads\/kalani-icon-transparency-200x200.svg\" class=\"attachment-full size-full wp-image-38003\" alt=\"Transparenz\" \/><\/figure><div class=\"elementor-image-box-content\"><h5 class=\"elementor-image-box-title\">Transparenz <\/h5><p class=\"elementor-image-box-description\">R\u00fcckverfolgbarkeit und vollst\u00e4ndige Informationen \u00fcber Nachhaltigkeit, Produkte und Kosten.<\/p><\/div><\/div>\t\t\t\t<\/div>\n\t\t\t\t<\/div>\n\t\t\t\t\t<\/div>\n\t\t<\/div>\n\t\t\t\t<div class=\"elementor-column elementor-col-33 elementor-top-column elementor-element elementor-element-7e91b4b6\" data-id=\"7e91b4b6\" data-element_type=\"column\" data-e-type=\"column\">\n\t\t\t<div class=\"elementor-widget-wrap elementor-element-populated\">\n\t\t\t\t\t\t<div class=\"elementor-element elementor-element-2b725c33 elementor-position-left elementor-vertical-align-top elementor-widget elementor-widget-image-box\" data-id=\"2b725c33\" data-element_type=\"widget\" data-e-type=\"widget\" data-widget_type=\"image-box.default\">\n\t\t\t\t<div class=\"elementor-widget-container\">\n\t\t\t\t\t<div class=\"elementor-image-box-wrapper\"><figure class=\"elementor-image-box-img\"><img decoding=\"async\" src=\"https:\/\/www.kalani-home.com\/wp-content\/uploads\/kalani-icon-high-quality-200x200.svg\" class=\"attachment-full size-full wp-image-37987\" alt=\"Exzellenz\" \/><\/figure><div class=\"elementor-image-box-content\"><h5 class=\"elementor-image-box-title\">Exzellenz <\/h5><p class=\"elementor-image-box-description\">Was unsere Produkte und unseren Service betrifft ist kompromisslose Qualit\u00e4t unser Mantra.<\/p><\/div><\/div>\t\t\t\t<\/div>\n\t\t\t\t<\/div>\n\t\t\t\t<div class=\"elementor-element elementor-element-1d2919b9 elementor-position-left elementor-vertical-align-top elementor-widget elementor-widget-image-box\" data-id=\"1d2919b9\" data-element_type=\"widget\" data-e-type=\"widget\" data-widget_type=\"image-box.default\">\n\t\t\t\t<div class=\"elementor-widget-container\">\n\t\t\t\t\t<div class=\"elementor-image-box-wrapper\"><figure class=\"elementor-image-box-img\"><img decoding=\"async\" src=\"https:\/\/www.kalani-home.com\/wp-content\/uploads\/kalani-icon-sharing-200x200.svg\" class=\"attachment-full size-full wp-image-37995\" alt=\"Verteilung\" \/><\/figure><div class=\"elementor-image-box-content\"><h5 class=\"elementor-image-box-title\">Verteilung <\/h5><p class=\"elementor-image-box-description\">Gleichgewicht und faire Verteilung in der Kalani-Gemeinschaft \u2013 Bauern, Arbeiter, Angestellte, unterst\u00fctzte Vereine... und Sie!<\/p><\/div><\/div>\t\t\t\t<\/div>\n\t\t\t\t<\/div>\n\t\t\t\t\t<\/div>\n\t\t<\/div>\n\t\t\t\t<div class=\"elementor-column elementor-col-33 elementor-top-column elementor-element elementor-element-498ffd7c\" data-id=\"498ffd7c\" data-element_type=\"column\" data-e-type=\"column\">\n\t\t\t<div class=\"elementor-widget-wrap elementor-element-populated\">\n\t\t\t\t\t\t<div class=\"elementor-element elementor-element-656478e elementor-position-left elementor-vertical-align-top elementor-widget elementor-widget-image-box\" data-id=\"656478e\" data-element_type=\"widget\" data-e-type=\"widget\" data-widget_type=\"image-box.default\">\n\t\t\t\t<div class=\"elementor-widget-container\">\n\t\t\t\t\t<div class=\"elementor-image-box-wrapper\"><figure class=\"elementor-image-box-img\"><img decoding=\"async\" src=\"https:\/\/www.kalani-home.com\/wp-content\/uploads\/kalani-icon-progress-200x200.svg\" class=\"attachment-full size-full wp-image-37991\" alt=\"Fortschritt\" \/><\/figure><div class=\"elementor-image-box-content\"><h5 class=\"elementor-image-box-title\">Fortschritt <\/h5><p class=\"elementor-image-box-description\">Modern, zeitlos, einfach und effizient.<\/p><\/div><\/div>\t\t\t\t<\/div>\n\t\t\t\t<\/div>\n\t\t\t\t<div class=\"elementor-element elementor-element-28a044fb elementor-position-left elementor-vertical-align-top elementor-widget elementor-widget-image-box\" data-id=\"28a044fb\" data-element_type=\"widget\" data-e-type=\"widget\" data-widget_type=\"image-box.default\">\n\t\t\t\t<div class=\"elementor-widget-container\">\n\t\t\t\t\t<div class=\"elementor-image-box-wrapper\"><figure class=\"elementor-image-box-img\"><img decoding=\"async\" src=\"https:\/\/www.kalani-home.com\/wp-content\/uploads\/kalani-icon-surprise-200x200.svg\" class=\"attachment-full size-full wp-image-37999\" alt=\"Erstaunen\" \/><\/figure><div class=\"elementor-image-box-content\"><h5 class=\"elementor-image-box-title\">Erstaunen <\/h5><p class=\"elementor-image-box-description\">Ein wahres Vergn\u00fcgen, von der Bestellung bis zu dem unvergesslichen Gef\u00fchl des Wohlbefindens das Sie empfinden, wenn Sie in diese Bettw\u00e4sche sinken. Ein einzigartiges Erlebnis, \u00e4sthetisch, sinnlich, sp\u00fcrbar...<\/p><\/div><\/div>\t\t\t\t<\/div>\n\t\t\t\t<\/div>\n\t\t\t\t\t<\/div>\n\t\t<\/div>\n\t\t\t\t\t<\/div>\n\t\t<\/section>\n\t\t\t\t<section class=\"elementor-section elementor-top-section elementor-element elementor-element-d726d25 elementor-section-boxed elementor-section-height-default elementor-section-height-default\" data-id=\"d726d25\" data-element_type=\"section\" data-e-type=\"section\">\n\t\t\t\t\t\t<div class=\"elementor-container elementor-column-gap-default\">\n\t\t\t\t\t<div class=\"elementor-column elementor-col-100 elementor-top-column elementor-element elementor-element-b5b42eb\" data-id=\"b5b42eb\" data-element_type=\"column\" data-e-type=\"column\">\n\t\t\t<div class=\"elementor-widget-wrap\">\n\t\t\t\t\t\t\t<\/div>\n\t\t<\/div>\n\t\t\t\t\t<\/div>\n\t\t<\/section>\n\t\t\t\t<\/div>\n\t\t","protected":false},"excerpt":{"rendered":"<p>100% organisch &#038; ethisch hochwertige Heimtextilien, wunderbar bequem zu einem erschwinglichen Preis. Kalani ist ein Vorname in Polynesien, der \u201edas Paradies\u201c bedeutet \u2026 und erinnert gleichzeitig an das franz\u00f6sische Wort \u201ec\u00e2lin\u201c \u2013 Z\u00e4rtlichkeit. Ein einzigartiges Konzept Wussten Sie, dass wir durchschnittlich 30 % unseres Lebens im Bett verbringen? Noch ein Grund mehr sich zu fragen: [&hellip;]<\/p>\n","protected":false},"author":6,"featured_media":41055,"parent":0,"menu_order":20,"comment_status":"closed","ping_status":"closed","template":"","meta":{"_acf_changed":false,"footnotes":""},"class_list":["post-41014","page","type-page","status-publish","has-post-thumbnail","hentry"],"acf":[],"_links":{"self":[{"href":"https:\/\/www.kalani-home.com\/de\/wp-json\/wp\/v2\/pages\/41014","targetHints":{"allow":["GET"]}}],"collection":[{"href":"https:\/\/www.kalani-home.com\/de\/wp-json\/wp\/v2\/pages"}],"about":[{"href":"https:\/\/www.kalani-home.com\/de\/wp-json\/wp\/v2\/types\/page"}],"author":[{"embeddable":true,"href":"https:\/\/www.kalani-home.com\/de\/wp-json\/wp\/v2\/users\/6"}],"replies":[{"embeddable":true,"href":"https:\/\/www.kalani-home.com\/de\/wp-json\/wp\/v2\/comments?post=41014"}],"version-history":[{"count":0,"href":"https:\/\/www.kalani-home.com\/de\/wp-json\/wp\/v2\/pages\/41014\/revisions"}],"wp:featuredmedia":[{"embeddable":true,"href":"https:\/\/www.kalani-home.com\/de\/wp-json\/wp\/v2\/media\/41055"}],"wp:attachment":[{"href":"https:\/\/www.kalani-home.com\/de\/wp-json\/wp\/v2\/media?parent=41014"}],"curies":[{"name":"wp","href":"https:\/\/api.w.org\/{rel}","templated":true}]}}