{"id":41012,"date":"2020-01-02T16:21:42","date_gmt":"2020-01-02T15:21:42","guid":{"rendered":"https:\/\/content.kalani.eu\/oekologischer-fussabdruck\/"},"modified":"2023-02-15T15:42:09","modified_gmt":"2023-02-15T14:42:09","slug":"oekologischer-fussabdruck","status":"publish","type":"page","link":"https:\/\/www.kalani-home.com\/de\/oekologischer-fussabdruck\/","title":{"rendered":"\u00d6kologischer Fu\u00dfabdruck"},"content":{"rendered":"\t\t<div data-elementor-type=\"wp-post\" data-elementor-id=\"41012\" class=\"elementor elementor-41012 elementor-31316\" data-elementor-post-type=\"page\">\n\t\t\t\t\t\t<section class=\"elementor-section elementor-top-section elementor-element elementor-element-58f5857b elementor-section-content-middle elementor-reverse-mobile elementor-section-boxed elementor-section-height-default elementor-section-height-default\" data-id=\"58f5857b\" data-element_type=\"section\" data-e-type=\"section\">\n\t\t\t\t\t\t<div class=\"elementor-container elementor-column-gap-extended\">\n\t\t\t\t\t<div class=\"elementor-column elementor-col-50 elementor-top-column elementor-element elementor-element-449641c7\" data-id=\"449641c7\" data-element_type=\"column\" data-e-type=\"column\">\n\t\t\t<div class=\"elementor-widget-wrap elementor-element-populated\">\n\t\t\t\t\t\t\t<\/div>\n\t\t<\/div>\n\t\t\t\t<div class=\"elementor-column elementor-col-50 elementor-top-column elementor-element elementor-element-a6a708a\" data-id=\"a6a708a\" data-element_type=\"column\" data-e-type=\"column\">\n\t\t\t<div class=\"elementor-widget-wrap elementor-element-populated\">\n\t\t\t\t\t\t<div class=\"elementor-element elementor-element-15b5e944 elementor-align-right elementor-mobile-align-left elementor-widget elementor-widget-breadcrumbs\" data-id=\"15b5e944\" data-element_type=\"widget\" data-e-type=\"widget\" data-widget_type=\"breadcrumbs.default\">\n\t\t\t\t<div class=\"elementor-widget-container\">\n\t\t\t\t\t<p id=\"breadcrumbs\"><span><span><a href=\"https:\/\/www.kalani-home.com\/de\/\">Home<\/a><\/span><\/span><\/p>\t\t\t\t<\/div>\n\t\t\t\t<\/div>\n\t\t\t\t\t<\/div>\n\t\t<\/div>\n\t\t\t\t\t<\/div>\n\t\t<\/section>\n\t\t\t\t<section class=\"elementor-section elementor-top-section elementor-element elementor-element-eabbe82 elementor-section-boxed elementor-section-height-default elementor-section-height-default\" data-id=\"eabbe82\" data-element_type=\"section\" data-e-type=\"section\" data-settings=\"{&quot;background_background&quot;:&quot;classic&quot;}\">\n\t\t\t\t\t\t<div class=\"elementor-container elementor-column-gap-extended\">\n\t\t\t\t\t<div class=\"elementor-column elementor-col-100 elementor-top-column elementor-element elementor-element-24a703a\" data-id=\"24a703a\" data-element_type=\"column\" data-e-type=\"column\">\n\t\t\t<div class=\"elementor-widget-wrap elementor-element-populated\">\n\t\t\t\t\t\t<div class=\"elementor-element elementor-element-c51c241 elementor-widget elementor-widget-heading\" data-id=\"c51c241\" data-element_type=\"widget\" data-e-type=\"widget\" data-widget_type=\"heading.default\">\n\t\t\t\t<div class=\"elementor-widget-container\">\n\t\t\t\t\t<h2 class=\"elementor-heading-title elementor-size-default\">Bewusster Konsum <br> Wir berechnen unseren \u00f6kologischen Fu\u00dfabdruck<\/h2>\t\t\t\t<\/div>\n\t\t\t\t<\/div>\n\t\t\t\t\t<\/div>\n\t\t<\/div>\n\t\t\t\t\t<\/div>\n\t\t<\/section>\n\t\t\t\t<section class=\"elementor-section elementor-top-section elementor-element elementor-element-f5d7ab6 elementor-section-boxed elementor-section-height-default elementor-section-height-default\" data-id=\"f5d7ab6\" data-element_type=\"section\" data-e-type=\"section\">\n\t\t\t\t\t\t<div class=\"elementor-container elementor-column-gap-extended\">\n\t\t\t\t\t<div class=\"elementor-column elementor-col-100 elementor-top-column elementor-element elementor-element-830e0f6\" data-id=\"830e0f6\" data-element_type=\"column\" data-e-type=\"column\">\n\t\t\t<div class=\"elementor-widget-wrap elementor-element-populated\">\n\t\t\t\t\t\t<div class=\"elementor-element elementor-element-a79373a elementor-widget elementor-widget-heading\" data-id=\"a79373a\" data-element_type=\"widget\" data-e-type=\"widget\" data-widget_type=\"heading.default\">\n\t\t\t\t<div class=\"elementor-widget-container\">\n\t\t\t\t\t<h4 class=\"elementor-heading-title elementor-size-default\">Wir setzen alles daran, so transparent wie m\u00f6glich zu sein, damit Sie Ihre Eink\u00e4ufe in bestem Wissen t\u00e4tigen k\u00f6nnen.<br>Denn Herstellung, Vertrieb und Verbrauch haben zwangsl\u00e4ufig Auswirkungen auf Mensch und Umwelt, die wir so weit wie m\u00f6glich verringern wollen, um unsere Umwelt zu sch\u00fctzen.<br>Wenn Sie den \u00f6kologischen Fu\u00dfabdruck unserer Bettw\u00e4schen kennen, k\u00f6nnen Sie in bestem Wissen ausw\u00e4hlen.<\/h4>\t\t\t\t<\/div>\n\t\t\t\t<\/div>\n\t\t\t\t\t<\/div>\n\t\t<\/div>\n\t\t\t\t\t<\/div>\n\t\t<\/section>\n\t\t\t\t<section class=\"elementor-section elementor-top-section elementor-element elementor-element-7d8e8f3 elementor-section-boxed elementor-section-height-default elementor-section-height-default\" data-id=\"7d8e8f3\" data-element_type=\"section\" data-e-type=\"section\">\n\t\t\t\t\t\t<div class=\"elementor-container elementor-column-gap-extended\">\n\t\t\t\t\t<div class=\"elementor-column elementor-col-100 elementor-top-column elementor-element elementor-element-0cbbf90\" data-id=\"0cbbf90\" data-element_type=\"column\" data-e-type=\"column\">\n\t\t\t<div class=\"elementor-widget-wrap elementor-element-populated\">\n\t\t\t\t\t\t<div class=\"elementor-element elementor-element-5588ba9 elementor-widget elementor-widget-heading\" data-id=\"5588ba9\" data-element_type=\"widget\" data-e-type=\"widget\" data-widget_type=\"heading.default\">\n\t\t\t\t<div class=\"elementor-widget-container\">\n\t\t\t\t\t<h3 class=\"elementor-heading-title elementor-size-default\">1. Der Kohlenstoff-Fu\u00dfabdruck unseres Unternehmens <\/h3>\t\t\t\t<\/div>\n\t\t\t\t<\/div>\n\t\t\t\t<div class=\"elementor-element elementor-element-bfadd8e elementor-position-right elementor-vertical-align-middle elementor-widget elementor-widget-image-box\" data-id=\"bfadd8e\" data-element_type=\"widget\" data-e-type=\"widget\" data-widget_type=\"image-box.default\">\n\t\t\t\t<div class=\"elementor-widget-container\">\n\t\t\t\t\t<div class=\"elementor-image-box-wrapper\"><figure class=\"elementor-image-box-img\"><img decoding=\"async\" src=\"https:\/\/www.kalani-home.com\/wp-content\/uploads\/carbon-neutral-kalani-eco-footprint.jpg\" title=\"carbon-neutral-kalani-eco-footprint\" alt=\"carbon-neutral-kalani-eco-footprint\" loading=\"lazy\" \/><\/figure><div class=\"elementor-image-box-content\"><h4 class=\"elementor-image-box-title\">Kohlenstoffneutral,  Verkleinern wir unseren \u00f6kologischen Fu\u00dfabdruck Tag f\u00fcr Tag.<\/h4><p class=\"elementor-image-box-description\">Klimaneutralit\u00e4t bedeutet, dass der \u00f6kologische Fu\u00dfabdruck eines Unternehmens, eines Produkts, einer Dienstleistung oder einer Veranstaltung auf der Grundlage international anerkannter Standards berechnet und durch die Unterst\u00fctzung zertifizierter Klimaschutzprojekte vollst\u00e4ndig ausgeglichen wurde.  <br><br>Seit 2021 haben wir uns zum Ziel gesetzt, zus\u00e4tzlich zu den bereits getroffenen Ma\u00dfnahmen ein zertifiziertes \"klimaneutrales Unternehmen\" zu werden. Das bedeutet, wie bereits erw\u00e4hnt, dass wir alles, was wir als Unternehmen an Energie, Wasser, Heizung, Verbrauchsg\u00fctern aller Art, Reisen (zu Lieferanten, Messen, Veranstaltungen, zur Arbeit,...) sowie Ressourcen f\u00fcr unseren E-Shop (Server, Jahresdaten,...) verbrauchen, erfassen. <br><br>  Diese umfassende Analyse erm\u00f6glicht es uns zum einen, unseren Kohlenstoff-Fu\u00dfabdruck zu messen und uns dessen bewusst zu werden, und zum anderen, konkrete Ma\u00dfnahmen zur Reduzierung und Optimierung unseres Kohlenstoff-Fu\u00dfabdrucks umzusetzen. Um die Bilanz unseres CO2-Fu\u00dfabdrucks auszugleichen, haben wir beschlossen, uns an einem Kompensationsprojekt zu beteiligen, indem wir Photovoltaikanlagen in Indien finanzieren. Ein Projekt, das Sinn macht, wenn man bedenkt, dass ein gro\u00dfer Teil der Produktion aus Indien stammt und dass wir diese L\u00e4nder auch durch die Teilnahme an lokalen \u00f6kologischen Projekten unterst\u00fctzen.  Der Kreislauf ist geschlossen... Und der Kreislauf, f\u00fcr den wir uns entschieden haben, entwickelt sich jeden Tag weiter.<\/p><\/div><\/div>\t\t\t\t<\/div>\n\t\t\t\t<\/div>\n\t\t\t\t\t<\/div>\n\t\t<\/div>\n\t\t\t\t\t<\/div>\n\t\t<\/section>\n\t\t\t\t<section class=\"elementor-section elementor-top-section elementor-element elementor-element-3e6d3a6 elementor-section-boxed elementor-section-height-default elementor-section-height-default\" data-id=\"3e6d3a6\" data-element_type=\"section\" data-e-type=\"section\">\n\t\t\t\t\t\t<div class=\"elementor-container elementor-column-gap-extended\">\n\t\t\t\t\t<div class=\"elementor-column elementor-col-100 elementor-top-column elementor-element elementor-element-15cacf57\" data-id=\"15cacf57\" data-element_type=\"column\" data-e-type=\"column\">\n\t\t\t<div class=\"elementor-widget-wrap elementor-element-populated\">\n\t\t\t\t\t\t<div class=\"elementor-element elementor-element-40266acf elementor-position-left elementor-vertical-align-middle elementor-widget elementor-widget-image-box\" data-id=\"40266acf\" data-element_type=\"widget\" data-e-type=\"widget\" data-widget_type=\"image-box.default\">\n\t\t\t\t<div class=\"elementor-widget-container\">\n\t\t\t\t\t<div class=\"elementor-image-box-wrapper\"><figure class=\"elementor-image-box-img\"><img decoding=\"async\" src=\"https:\/\/www.kalani-home.com\/wp-content\/uploads\/eco-footprint-calculation.jpg\" title=\"\u00d6kologischer Fu\u00dfabdruck &#8211; Berechnung\" alt=\"\u00d6kologischer Fu\u00dfabdruck - Berechnung\" loading=\"lazy\" \/><\/figure><div class=\"elementor-image-box-content\"><h3 class=\"elementor-image-box-title\">2. Wie k\u00f6nnen wir den Fu\u00dfabdruck unserer Produkte berechnen? <\/h3><p class=\"elementor-image-box-description\">Um dies so deutlich wie m\u00f6glich zu kommunizieren, haben wir uns mit einem externen Partner zusammengetan, der f\u00fchrend auf dem Gebiet der Kommunikation von Umweltauswirkungen ist. Dieses Unternehmen hat mithilfe der in den ersten drei Jahren gesammelten Informationen und Messdaten eine einfache Methode zur Berechnung des \u00f6kologischen Fu\u00dfabdrucks unserer Bettw\u00e4schen aufgestellt. Da wir \u00fcber die \u00d6kobilanz unserer Produkte von den Baumwollfeldern bis zu unserem Warenlager verf\u00fcgen, k\u00f6nnen wir heute unsere Umweltauswirkungen in transparenter Weise darstellen. Eine vollst\u00e4ndige Lebenszyklus-Auswertung steht uns zurzeit noch nicht zur Verf\u00fcgung, weil die wichtigsten Akteure und Autoren der einschl\u00e4gigen Studien sich noch nicht auf eine gemeinsame Berechnungsweise der Auswirkungen, die am Lebensende der Produkte und bei ihrer Entsorgung entstehen, einigen konnten.<\/p><\/div><\/div>\t\t\t\t<\/div>\n\t\t\t\t<\/div>\n\t\t\t\t\t<\/div>\n\t\t<\/div>\n\t\t\t\t\t<\/div>\n\t\t<\/section>\n\t\t\t\t<section class=\"elementor-section elementor-top-section elementor-element elementor-element-80b878f elementor-section-boxed elementor-section-height-default elementor-section-height-default\" data-id=\"80b878f\" data-element_type=\"section\" data-e-type=\"section\">\n\t\t\t\t\t\t<div class=\"elementor-container elementor-column-gap-extended\">\n\t\t\t\t\t<div class=\"elementor-column elementor-col-100 elementor-top-column elementor-element elementor-element-977f728\" data-id=\"977f728\" data-element_type=\"column\" data-e-type=\"column\">\n\t\t\t<div class=\"elementor-widget-wrap elementor-element-populated\">\n\t\t\t\t\t\t<div class=\"elementor-element elementor-element-96f6a50 elementor-widget elementor-widget-heading\" data-id=\"96f6a50\" data-element_type=\"widget\" data-e-type=\"widget\" data-widget_type=\"heading.default\">\n\t\t\t\t<div class=\"elementor-widget-container\">\n\t\t\t\t\t<h4 class=\"elementor-heading-title elementor-size-default\"><p>Vergleich und Verringerung der Umweltauswirkungen<\/p> Es wurden vier Umweltauswirkungen berechnet, wobei ein Kilo in Indien produzierte Kalani-Bettw\u00e4sche aus Bio-Baumwolle mit einem Kilo Bettw\u00e4sche anderer Marken aus konventioneller Baumwolle, f\u00fcr die der gewichtete Durchschnitt von zuverl\u00e4ssigen \u00fcberpr\u00fcften Statistiken aller weltweiten Baumwollerzeugerl\u00e4nder herangezogen wurde, verglichen wurde.<\/h4>\t\t\t\t<\/div>\n\t\t\t\t<\/div>\n\t\t\t\t<section class=\"elementor-section elementor-inner-section elementor-element elementor-element-62eff6f4 elementor-section-boxed elementor-section-height-default elementor-section-height-default\" data-id=\"62eff6f4\" data-element_type=\"section\" data-e-type=\"section\">\n\t\t\t\t\t\t<div class=\"elementor-container elementor-column-gap-no\">\n\t\t\t\t\t<div class=\"elementor-column elementor-col-100 elementor-inner-column elementor-element elementor-element-de42eb\" data-id=\"de42eb\" data-element_type=\"column\" data-e-type=\"column\">\n\t\t\t<div class=\"elementor-widget-wrap elementor-element-populated\">\n\t\t\t\t\t\t<div class=\"elementor-element elementor-element-563a2fd9 elementor-widget elementor-widget-html\" data-id=\"563a2fd9\" data-element_type=\"widget\" data-e-type=\"widget\" data-widget_type=\"html.default\">\n\t\t\t\t<div class=\"elementor-widget-container\">\n\t\t\t\t\t<gs-counter widgetType=\"counter\" clientID=\"O2tcpkJHPk9bu4k14jUj9ptsy0jvQtOw\"><\/gs-counter>\t\t\t\t<\/div>\n\t\t\t\t<\/div>\n\t\t\t\t\t<\/div>\n\t\t<\/div>\n\t\t\t\t\t<\/div>\n\t\t<\/section>\n\t\t\t\t\t<\/div>\n\t\t<\/div>\n\t\t\t\t\t<\/div>\n\t\t<\/section>\n\t\t\t\t<section class=\"elementor-section elementor-top-section elementor-element elementor-element-3c750f91 elementor-section-boxed elementor-section-height-default elementor-section-height-default\" data-id=\"3c750f91\" data-element_type=\"section\" data-e-type=\"section\">\n\t\t\t\t\t\t<div class=\"elementor-container elementor-column-gap-extended\">\n\t\t\t\t\t<div class=\"elementor-column elementor-col-100 elementor-top-column elementor-element elementor-element-4b2df918\" data-id=\"4b2df918\" data-element_type=\"column\" data-e-type=\"column\">\n\t\t\t<div class=\"elementor-widget-wrap elementor-element-populated\">\n\t\t\t\t\t\t<div class=\"elementor-element elementor-element-43a3bdc0 elementor-position-right elementor-vertical-align-middle elementor-widget elementor-widget-image-box\" data-id=\"43a3bdc0\" data-element_type=\"widget\" data-e-type=\"widget\" data-widget_type=\"image-box.default\">\n\t\t\t\t<div class=\"elementor-widget-container\">\n\t\t\t\t\t<div class=\"elementor-image-box-wrapper\"><figure class=\"elementor-image-box-img\"><img decoding=\"async\" src=\"https:\/\/www.kalani-home.com\/wp-content\/uploads\/eco-footprint-water.jpg\" title=\"\u00d6kologischer Fu\u00dfabdruck &#8211; Wasser\" alt=\"\u00d6kologischer Fu\u00dfabdruck - Wasser\" loading=\"lazy\" \/><\/figure><div class=\"elementor-image-box-content\"><h3 class=\"elementor-image-box-title\">Verringerung des Wasserverbrauchs: 96%<\/h3><p class=\"elementor-image-box-description\">Bei der Herstellung von einem Kilo Bettw\u00e4sche aus biologischer Jersey-Baumwolle werden beispielsweise 1483,8 Liter weniger Wasser als bei der Herstellung von einem Kilo Bettw\u00e4sche aus konventioneller Baumwolle verbraucht, was einer Verringerung um 96% entspricht. Ein Grund daf\u00fcr ist auch, dass unsere Baumwolle aus einem indischen Bundesstaat stammt, in dem ausreichend Regen f\u00e4llt, sodass keine Bew\u00e4sserungssysteme f\u00fcr den Baumwollanbau angelegt werden m\u00fcssen. Da eine Familie im weltweiten Durchschnitt 8,8 l Trinkwasser pro Tag verbraucht, entspricht die genannte Einsparung dem Wasserverbrauch von insgesamt 168,61 Tagen.<\/p><\/div><\/div>\t\t\t\t<\/div>\n\t\t\t\t<\/div>\n\t\t\t\t\t<\/div>\n\t\t<\/div>\n\t\t\t\t\t<\/div>\n\t\t<\/section>\n\t\t\t\t<section class=\"elementor-section elementor-top-section elementor-element elementor-element-c4ca763 elementor-section-boxed elementor-section-height-default elementor-section-height-default\" data-id=\"c4ca763\" data-element_type=\"section\" data-e-type=\"section\">\n\t\t\t\t\t\t<div class=\"elementor-container elementor-column-gap-extended\">\n\t\t\t\t\t<div class=\"elementor-column elementor-col-100 elementor-top-column elementor-element elementor-element-c0288cb\" data-id=\"c0288cb\" data-element_type=\"column\" data-e-type=\"column\">\n\t\t\t<div class=\"elementor-widget-wrap elementor-element-populated\">\n\t\t\t\t\t\t<div class=\"elementor-element elementor-element-dca156a elementor-position-left elementor-vertical-align-middle elementor-widget elementor-widget-image-box\" data-id=\"dca156a\" data-element_type=\"widget\" data-e-type=\"widget\" data-widget_type=\"image-box.default\">\n\t\t\t\t<div class=\"elementor-widget-container\">\n\t\t\t\t\t<div class=\"elementor-image-box-wrapper\"><figure class=\"elementor-image-box-img\"><img decoding=\"async\" src=\"https:\/\/www.kalani-home.com\/wp-content\/uploads\/eco-footprint-energy.jpg\" title=\"\u00d6kologischer Fu\u00dfabdruck &#8211; Energie\" alt=\"\u00d6kologischer Fu\u00dfabdruck - Energie\" loading=\"lazy\" \/><\/figure><div class=\"elementor-image-box-content\"><h3 class=\"elementor-image-box-title\">Energieeinsparung: 6%<\/h3><p class=\"elementor-image-box-description\">Bei der Herstellung von einem Kilo Bettw\u00e4sche aus biologischer Perkal-Baumwolle werden beispielsweise 4,79\u00a0kWh (4790 Wh) weniger Strom als bei der Herstellung von einem Kilo Bettw\u00e4sche aus konventioneller Baumwolle verbraucht, was einer Verringerung des Energieverbrauchs um 6% entspricht. Da eine LED-Lampe durchschnittlich 10\u00a0Wh pro Stunde verbraucht, entspricht die Einsparung einer Nutzungsdauer der LED-Lampe von 479\u00a0Stunden (~20\u00a0Tage) am St\u00fcck.<\/p><\/div><\/div>\t\t\t\t<\/div>\n\t\t\t\t<\/div>\n\t\t\t\t\t<\/div>\n\t\t<\/div>\n\t\t\t\t\t<\/div>\n\t\t<\/section>\n\t\t\t\t<section class=\"elementor-section elementor-top-section elementor-element elementor-element-6799307 elementor-section-boxed elementor-section-height-default elementor-section-height-default\" data-id=\"6799307\" data-element_type=\"section\" data-e-type=\"section\">\n\t\t\t\t\t\t<div class=\"elementor-container elementor-column-gap-extended\">\n\t\t\t\t\t<div class=\"elementor-column elementor-col-100 elementor-top-column elementor-element elementor-element-a582294\" data-id=\"a582294\" data-element_type=\"column\" data-e-type=\"column\">\n\t\t\t<div class=\"elementor-widget-wrap elementor-element-populated\">\n\t\t\t\t\t\t<div class=\"elementor-element elementor-element-4d59600 elementor-position-right elementor-vertical-align-middle elementor-widget elementor-widget-image-box\" data-id=\"4d59600\" data-element_type=\"widget\" data-e-type=\"widget\" data-widget_type=\"image-box.default\">\n\t\t\t\t<div class=\"elementor-widget-container\">\n\t\t\t\t\t<div class=\"elementor-image-box-wrapper\"><figure class=\"elementor-image-box-img\"><img decoding=\"async\" src=\"https:\/\/www.kalani-home.com\/wp-content\/uploads\/eco-footprint-co2.jpg\" title=\"\u00d6kologischer Fu\u00dfabdruck &#8211; CO2\" alt=\"\u00d6kologischer Fu\u00dfabdruck - CO2\" loading=\"lazy\" \/><\/figure><div class=\"elementor-image-box-content\"><h3 class=\"elementor-image-box-title\">Senkung der CO2-Emissionen: 6%<\/h3><p class=\"elementor-image-box-description\"> Bei der Herstellung von einem Kilo Bettw\u00e4sche aus biologischer Satin-Baumwolle werden beispielsweise 1,57\u00a0kg Kohlendioxid\u00e4quivalent (CO2e) weniger als bei der Herstellung von einem Kilo Bettw\u00e4sche aus konventioneller Baumwolle verbraucht, was einer Verringerung der CO2-Emissionen um 6% entspricht.<\/p><\/div><\/div>\t\t\t\t<\/div>\n\t\t\t\t<\/div>\n\t\t\t\t\t<\/div>\n\t\t<\/div>\n\t\t\t\t\t<\/div>\n\t\t<\/section>\n\t\t\t\t<section class=\"elementor-section elementor-top-section elementor-element elementor-element-3f6c934 elementor-section-boxed elementor-section-height-default elementor-section-height-default\" data-id=\"3f6c934\" data-element_type=\"section\" data-e-type=\"section\">\n\t\t\t\t\t\t<div class=\"elementor-container elementor-column-gap-extended\">\n\t\t\t\t\t<div class=\"elementor-column elementor-col-100 elementor-top-column elementor-element elementor-element-590d189\" data-id=\"590d189\" data-element_type=\"column\" data-e-type=\"column\">\n\t\t\t<div class=\"elementor-widget-wrap elementor-element-populated\">\n\t\t\t\t\t\t<div class=\"elementor-element elementor-element-c513fcb elementor-position-left elementor-vertical-align-middle elementor-widget elementor-widget-image-box\" data-id=\"c513fcb\" data-element_type=\"widget\" data-e-type=\"widget\" data-widget_type=\"image-box.default\">\n\t\t\t\t<div class=\"elementor-widget-container\">\n\t\t\t\t\t<div class=\"elementor-image-box-wrapper\"><figure class=\"elementor-image-box-img\"><img decoding=\"async\" src=\"https:\/\/www.kalani-home.com\/wp-content\/uploads\/eco-footprint-pesticides.jpg\" title=\"\u00d6kologischer Fu\u00dfabdruck &#8211; Pestizide\" alt=\"\u00d6kologischer Fu\u00dfabdruck - Pestizide\" loading=\"lazy\" \/><\/figure><div class=\"elementor-image-box-content\"><h3 class=\"elementor-image-box-title\">Verringerung des Einsatzes von Kunstd\u00fcnger und chemischen Pestiziden: 100%<\/h3><p class=\"elementor-image-box-description\">Bei der Herstellung von einem Kilo Bettw\u00e4sche aus biologischer Satin-Baumwolle werden beispielsweise 529,9 Gramm synthetische Produkte (einschlie\u00dflich 3,3 Gramm chemische Pestizide) weniger als bei der Herstellung von einem Kilo Bettw\u00e4sche aus konventioneller Baumwolle verbraucht, was einer Verringerung des Verbrauchs von chemischen Pestiziden um 100% entspricht. In der biologischen Landwirtschaften ist die Verwendung von chemischen Pestiziden, Kunstd\u00fcnger und chemischen Unkrautvernichtungsmitteln (f\u00fcr Mensch, biologische Vielfalt und Umwelt sch\u00e4dliche Produkte) prinzipiell verboten. Stattdessen setzen wir auf althergebrachte Methoden, die auf fruchtbaren und gut gepflegten B\u00f6den sehr wirksam sind. Dies ist umso wichtiger, wenn man bedenkt, dass ein Viertel aller weltweit eingesetzten Pestizide auf den konventionellen Baumwollanbau entfallen.<\/p><\/div><\/div>\t\t\t\t<\/div>\n\t\t\t\t<\/div>\n\t\t\t\t\t<\/div>\n\t\t<\/div>\n\t\t\t\t\t<\/div>\n\t\t<\/section>\n\t\t\t\t<section class=\"elementor-section elementor-top-section elementor-element elementor-element-5661e8a elementor-section-boxed elementor-section-height-default elementor-section-height-default\" data-id=\"5661e8a\" data-element_type=\"section\" data-e-type=\"section\">\n\t\t\t\t\t\t<div class=\"elementor-container elementor-column-gap-default\">\n\t\t\t\t\t<div class=\"elementor-column elementor-col-100 elementor-top-column elementor-element elementor-element-ad2b1fc\" data-id=\"ad2b1fc\" data-element_type=\"column\" data-e-type=\"column\">\n\t\t\t<div class=\"elementor-widget-wrap elementor-element-populated\">\n\t\t\t\t\t\t<div class=\"elementor-element elementor-element-8e7bf3d elementor-widget elementor-widget-text-editor\" data-id=\"8e7bf3d\" data-element_type=\"widget\" data-e-type=\"widget\" data-widget_type=\"text-editor.default\">\n\t\t\t\t<div class=\"elementor-widget-container\">\n\t\t\t\t\t\t\t\t\t<p>Au\u00dferdem ist auf jeder Produktseite in transparenter Weise angegeben, wie hoch die Auswirkung einer gekauften Einheit ist. Hier k\u00f6nnen Sie berechnen, wie gro\u00df die Auswirkung ist, wenn Sie verantwortungsvoll einkaufen.<\/p>\n\t\t\t\t\t\t\t\t<\/div>\n\t\t\t\t<\/div>\n\t\t\t\t\t<\/div>\n\t\t<\/div>\n\t\t\t\t\t<\/div>\n\t\t<\/section>\n\t\t\t\t<section class=\"elementor-section elementor-top-section elementor-element elementor-element-142ee59 elementor-section-boxed elementor-section-height-default elementor-section-height-default\" data-id=\"142ee59\" data-element_type=\"section\" data-e-type=\"section\">\n\t\t\t\t\t\t<div class=\"elementor-container elementor-column-gap-extended\">\n\t\t\t\t\t<div class=\"elementor-column elementor-col-100 elementor-top-column elementor-element elementor-element-474f074\" data-id=\"474f074\" data-element_type=\"column\" data-e-type=\"column\">\n\t\t\t<div class=\"elementor-widget-wrap elementor-element-populated\">\n\t\t\t\t\t\t<div class=\"elementor-element elementor-element-09db078 elementor-widget elementor-widget-html\" data-id=\"09db078\" data-element_type=\"widget\" data-e-type=\"widget\" data-widget_type=\"html.default\">\n\t\t\t\t<div class=\"elementor-widget-container\">\n\t\t\t\t\t<link rel=\"stylesheet\" href=\"https:\/\/gsstatic.greenstory.ca\/widgets\/styles\/master\/iso_bootstrap4.1.0min.css\">\r\n<gs-calculator widgetType=\"calculator\" clientID=\"O2tcpkJHPk9bu4k14jUj9ptsy0jvQtOw-woocommerce\"><\/gs-calculator>\t\t\t\t<\/div>\n\t\t\t\t<\/div>\n\t\t\t\t\t<\/div>\n\t\t<\/div>\n\t\t\t\t\t<\/div>\n\t\t<\/section>\n\t\t\t\t<section class=\"elementor-section elementor-top-section elementor-element elementor-element-d602303 elementor-section-boxed elementor-section-height-default elementor-section-height-default\" data-id=\"d602303\" data-element_type=\"section\" data-e-type=\"section\">\n\t\t\t\t\t\t<div class=\"elementor-container elementor-column-gap-extended\">\n\t\t\t\t\t<div class=\"elementor-column elementor-col-100 elementor-top-column elementor-element elementor-element-0dc47c9\" data-id=\"0dc47c9\" data-element_type=\"column\" data-e-type=\"column\">\n\t\t\t<div class=\"elementor-widget-wrap\">\n\t\t\t\t\t\t\t<\/div>\n\t\t<\/div>\n\t\t\t\t\t<\/div>\n\t\t<\/section>\n\t\t\t\t<\/div>\n\t\t","protected":false},"excerpt":{"rendered":"<p>Bewusster Konsum Wir berechnen unseren \u00f6kologischen Fu\u00dfabdruck Wir setzen alles daran, so transparent wie m\u00f6glich zu sein, damit Sie Ihre Eink\u00e4ufe in bestem Wissen t\u00e4tigen k\u00f6nnen.Denn Herstellung, Vertrieb und Verbrauch haben zwangsl\u00e4ufig Auswirkungen auf Mensch und Umwelt, die wir so weit wie m\u00f6glich verringern wollen, um unsere Umwelt zu sch\u00fctzen.Wenn Sie den \u00f6kologischen Fu\u00dfabdruck unserer [&hellip;]<\/p>\n","protected":false},"author":6,"featured_media":41079,"parent":0,"menu_order":27,"comment_status":"closed","ping_status":"closed","template":"","meta":{"_acf_changed":false,"footnotes":""},"class_list":["post-41012","page","type-page","status-publish","has-post-thumbnail","hentry"],"acf":[],"_links":{"self":[{"href":"https:\/\/www.kalani-home.com\/de\/wp-json\/wp\/v2\/pages\/41012","targetHints":{"allow":["GET"]}}],"collection":[{"href":"https:\/\/www.kalani-home.com\/de\/wp-json\/wp\/v2\/pages"}],"about":[{"href":"https:\/\/www.kalani-home.com\/de\/wp-json\/wp\/v2\/types\/page"}],"author":[{"embeddable":true,"href":"https:\/\/www.kalani-home.com\/de\/wp-json\/wp\/v2\/users\/6"}],"replies":[{"embeddable":true,"href":"https:\/\/www.kalani-home.com\/de\/wp-json\/wp\/v2\/comments?post=41012"}],"version-history":[{"count":0,"href":"https:\/\/www.kalani-home.com\/de\/wp-json\/wp\/v2\/pages\/41012\/revisions"}],"wp:featuredmedia":[{"embeddable":true,"href":"https:\/\/www.kalani-home.com\/de\/wp-json\/wp\/v2\/media\/41079"}],"wp:attachment":[{"href":"https:\/\/www.kalani-home.com\/de\/wp-json\/wp\/v2\/media?parent=41012"}],"curies":[{"name":"wp","href":"https:\/\/api.w.org\/{rel}","templated":true}]}}