{"id":41011,"date":"2020-01-02T16:21:42","date_gmt":"2020-01-02T15:21:42","guid":{"rendered":"https:\/\/content.kalani.eu\/transparenz\/"},"modified":"2024-07-03T16:19:27","modified_gmt":"2024-07-03T14:19:27","slug":"transparenz","status":"publish","type":"page","link":"https:\/\/www.kalani-home.com\/de\/transparenz\/","title":{"rendered":"Transparenz"},"content":{"rendered":"\t\t<div data-elementor-type=\"wp-post\" data-elementor-id=\"41011\" class=\"elementor elementor-41011 elementor-31137\" data-elementor-post-type=\"page\">\n\t\t\t\t\t\t<section class=\"elementor-section elementor-top-section elementor-element elementor-element-55d1bdc4 elementor-section-content-middle elementor-reverse-mobile elementor-section-boxed elementor-section-height-default elementor-section-height-default\" data-id=\"55d1bdc4\" data-element_type=\"section\" data-e-type=\"section\">\n\t\t\t\t\t\t<div class=\"elementor-container elementor-column-gap-extended\">\n\t\t\t\t\t<div class=\"elementor-column elementor-col-50 elementor-top-column elementor-element elementor-element-6145898e\" data-id=\"6145898e\" data-element_type=\"column\" data-e-type=\"column\">\n\t\t\t<div class=\"elementor-widget-wrap elementor-element-populated\">\n\t\t\t\t\t\t\t<\/div>\n\t\t<\/div>\n\t\t\t\t<div class=\"elementor-column elementor-col-50 elementor-top-column elementor-element elementor-element-4a53f4ff\" data-id=\"4a53f4ff\" data-element_type=\"column\" data-e-type=\"column\">\n\t\t\t<div class=\"elementor-widget-wrap elementor-element-populated\">\n\t\t\t\t\t\t<div class=\"elementor-element elementor-element-2ede80e8 elementor-align-right elementor-mobile-align-left elementor-widget elementor-widget-breadcrumbs\" data-id=\"2ede80e8\" data-element_type=\"widget\" data-e-type=\"widget\" data-widget_type=\"breadcrumbs.default\">\n\t\t\t\t<div class=\"elementor-widget-container\">\n\t\t\t\t\t<p id=\"breadcrumbs\"><span><span><a href=\"https:\/\/www.kalani-home.com\/de\/\">Home<\/a><\/span><\/span><\/p>\t\t\t\t<\/div>\n\t\t\t\t<\/div>\n\t\t\t\t\t<\/div>\n\t\t<\/div>\n\t\t\t\t\t<\/div>\n\t\t<\/section>\n\t\t\t\t<section class=\"elementor-section elementor-top-section elementor-element elementor-element-eabbe82 elementor-section-boxed elementor-section-height-default elementor-section-height-default\" data-id=\"eabbe82\" data-element_type=\"section\" data-e-type=\"section\" data-settings=\"{&quot;background_background&quot;:&quot;classic&quot;}\">\n\t\t\t\t\t\t<div class=\"elementor-container elementor-column-gap-extended\">\n\t\t\t\t\t<div class=\"elementor-column elementor-col-100 elementor-top-column elementor-element elementor-element-24a703a\" data-id=\"24a703a\" data-element_type=\"column\" data-e-type=\"column\">\n\t\t\t<div class=\"elementor-widget-wrap elementor-element-populated\">\n\t\t\t\t\t\t<div class=\"elementor-element elementor-element-c51c241 elementor-widget elementor-widget-heading\" data-id=\"c51c241\" data-element_type=\"widget\" data-e-type=\"widget\" data-widget_type=\"heading.default\">\n\t\t\t\t<div class=\"elementor-widget-container\">\n\t\t\t\t\t<h2 class=\"elementor-heading-title elementor-size-default\">Ein fairer Preis f\u00fcr Sie, die Erzeuger der Bio-Baumwolle, <br>die Arbeiter und uns.<\/br><\/h2>\t\t\t\t<\/div>\n\t\t\t\t<\/div>\n\t\t\t\t\t<\/div>\n\t\t<\/div>\n\t\t\t\t\t<\/div>\n\t\t<\/section>\n\t\t\t\t<section class=\"elementor-section elementor-top-section elementor-element elementor-element-f5d7ab6 elementor-section-boxed elementor-section-height-default elementor-section-height-default\" data-id=\"f5d7ab6\" data-element_type=\"section\" data-e-type=\"section\">\n\t\t\t\t\t\t<div class=\"elementor-container elementor-column-gap-extended\">\n\t\t\t\t\t<div class=\"elementor-column elementor-col-100 elementor-top-column elementor-element elementor-element-830e0f6\" data-id=\"830e0f6\" data-element_type=\"column\" data-e-type=\"column\">\n\t\t\t<div class=\"elementor-widget-wrap elementor-element-populated\">\n\t\t\t\t\t\t<div class=\"elementor-element elementor-element-a79373a elementor-widget elementor-widget-heading\" data-id=\"a79373a\" data-element_type=\"widget\" data-e-type=\"widget\" data-widget_type=\"heading.default\">\n\t\t\t\t<div class=\"elementor-widget-container\">\n\t\t\t\t\t<h4 class=\"elementor-heading-title elementor-size-default\">F\u00fcr Kalani steht Ihre Zufriedenheit im Mittelpunkt. Daher geh\u00f6rt Transparenz schon immer zu unseren Priorit\u00e4ten. Wir bef\u00fcrworten ein verantwortungsvolles Konsumverhalten. Auf keinen Fall wollen wir Ihnen Produkte verkaufen, die Sie nicht brauchen - schon gar nicht in Zeiten, in denen \u00fcberhaupt kein Bedarf daf\u00fcr besteht. Daher haben wir in 2016 das Konzept \u201eFairer Preis das ganze Jahr\u201c entwickelt.<\/h4>\t\t\t\t<\/div>\n\t\t\t\t<\/div>\n\t\t\t\t\t<\/div>\n\t\t<\/div>\n\t\t\t\t\t<\/div>\n\t\t<\/section>\n\t\t\t\t<section class=\"elementor-section elementor-top-section elementor-element elementor-element-516fd53 elementor-section-boxed elementor-section-height-default elementor-section-height-default\" data-id=\"516fd53\" data-element_type=\"section\" data-e-type=\"section\">\n\t\t\t\t\t\t<div class=\"elementor-container elementor-column-gap-extended\">\n\t\t\t\t\t<div class=\"elementor-column elementor-col-100 elementor-top-column elementor-element elementor-element-feabfac\" data-id=\"feabfac\" data-element_type=\"column\" data-e-type=\"column\">\n\t\t\t<div class=\"elementor-widget-wrap elementor-element-populated\">\n\t\t\t\t\t\t<div class=\"elementor-element elementor-element-33d8e1c elementor-position-left elementor-vertical-align-middle elementor-widget elementor-widget-image-box\" data-id=\"33d8e1c\" data-element_type=\"widget\" data-e-type=\"widget\" data-widget_type=\"image-box.default\">\n\t\t\t\t<div class=\"elementor-widget-container\">\n\t\t\t\t\t<div class=\"elementor-image-box-wrapper\"><figure class=\"elementor-image-box-img\"><img decoding=\"async\" src=\"https:\/\/www.kalani-home.com\/wp-content\/uploads\/transparency-policy.jpg\" title=\"Transparenzpolitik\" alt=\"Transparenzpolitik\" loading=\"lazy\" \/><\/figure><div class=\"elementor-image-box-content\"><h3 class=\"elementor-image-box-title\">Faire Politik<\/h3><p class=\"elementor-image-box-description\">Unsere Mission ist, hochwertige nachhaltige (Bio-\/Fairtrade-\/Vegan-Zertifizierung) Bettw\u00e4sche f\u00fcr die meisten Menschen erschwinglich und verf\u00fcgbar zu machen. <br>Aus diesem Grund verfolgen wir im ganzen Jahr eine Politik der fairen Preise, die durchschnittlich 50% unter dem liegen, was im traditionellen Handel f\u00fcr vergleichbare Qualit\u00e4ten verlangt wird<\/br><\/p><\/div><\/div>\t\t\t\t<\/div>\n\t\t\t\t<\/div>\n\t\t\t\t\t<\/div>\n\t\t<\/div>\n\t\t\t\t\t<\/div>\n\t\t<\/section>\n\t\t\t\t<section class=\"elementor-section elementor-top-section elementor-element elementor-element-3c750f91 elementor-section-boxed elementor-section-height-default elementor-section-height-default\" data-id=\"3c750f91\" data-element_type=\"section\" data-e-type=\"section\">\n\t\t\t\t\t\t<div class=\"elementor-container elementor-column-gap-extended\">\n\t\t\t\t\t<div class=\"elementor-column elementor-col-100 elementor-top-column elementor-element elementor-element-4b2df918\" data-id=\"4b2df918\" data-element_type=\"column\" data-e-type=\"column\">\n\t\t\t<div class=\"elementor-widget-wrap elementor-element-populated\">\n\t\t\t\t\t\t<div class=\"elementor-element elementor-element-43a3bdc0 elementor-position-right elementor-vertical-align-middle elementor-widget elementor-widget-image-box\" data-id=\"43a3bdc0\" data-element_type=\"widget\" data-e-type=\"widget\" data-widget_type=\"image-box.default\">\n\t\t\t\t<div class=\"elementor-widget-container\">\n\t\t\t\t\t<div class=\"elementor-image-box-wrapper\"><figure class=\"elementor-image-box-img\"><img decoding=\"async\" src=\"https:\/\/www.kalani-home.com\/wp-content\/uploads\/transparency-transparency.jpg\" title=\"Transparenz Transparenz\" alt=\"Transparenz Transparenz\" loading=\"lazy\" \/><\/figure><div class=\"elementor-image-box-content\"><h3 class=\"elementor-image-box-title\">Absolute Transparenz<\/h3><p class=\"elementor-image-box-description\">Wir wollen maximale Transparenz und Klarheit. <br>Aus diesem Grund haben wir ein transparentes Preisschema erstellt, das anhand eines Beispielbetrags von 100 \u20ac (oder 100%) aufschl\u00fcsselt, wohin das Geld flie\u00dft, das Sie f\u00fcr hochwertige Bettw\u00e4sche ausgeben. <br>Aber auch und vor allem, wie es uns gelingt, \u00f6kologische und ethische Spitzenprodukte zu einem Preis herzustellen, der f\u00fcr die meisten Menschen erschwinglich bleibt und im Durschnitt mindestens halb so teuer wie Produkte vergleichbarer Qualit\u00e4t im traditionellen Handel und dar\u00fcber hinaus haltbarer sind.<\/p><\/div><\/div>\t\t\t\t<\/div>\n\t\t\t\t<\/div>\n\t\t\t\t\t<\/div>\n\t\t<\/div>\n\t\t\t\t\t<\/div>\n\t\t<\/section>\n\t\t\t\t<section class=\"elementor-section elementor-top-section elementor-element elementor-element-d649f98 elementor-section-boxed elementor-section-height-default elementor-section-height-default\" data-id=\"d649f98\" data-element_type=\"section\" data-e-type=\"section\">\n\t\t\t\t\t\t<div class=\"elementor-container elementor-column-gap-extended\">\n\t\t\t\t\t<div class=\"elementor-column elementor-col-100 elementor-top-column elementor-element elementor-element-1c5f159\" data-id=\"1c5f159\" data-element_type=\"column\" data-e-type=\"column\">\n\t\t\t<div class=\"elementor-widget-wrap elementor-element-populated\">\n\t\t\t\t\t\t<div class=\"elementor-element elementor-element-cace8c0 elementor-widget elementor-widget-heading\" data-id=\"cace8c0\" data-element_type=\"widget\" data-e-type=\"widget\" data-widget_type=\"heading.default\">\n\t\t\t\t<div class=\"elementor-widget-container\">\n\t\t\t\t\t<h4 class=\"elementor-heading-title elementor-size-default\"><p>In unserem transparenten Schema erl\u00e4utern wir in ein paar einfachen Schritten, wie wir es schaffen, Ihnen faire und erschwingliche Preise anzubieten und zu garantieren.<br>Es ist ganz einfach: Wir setzen auf kurze Versorgungsketten bei Bettw\u00e4sche, produzieren selbst in einer Fabrik und verkaufen direkt, ohne Zwischenh\u00e4ndler und unn\u00f6tige Marge.<br>Sie k\u00f6nnen daher die Preise Schritt f\u00fcr Schritt, von den Rohstoffen bis zur Lieferung der Kalani-Produkte, verfolgen. Diese Vorgehensweise macht uns zu einem der transparentesten Textilunternehmen weltweit. Und wir glauben nicht, dass sie ein transparenteres finden k\u00f6nnen!<\/p><\/h4>\t\t\t\t<\/div>\n\t\t\t\t<\/div>\n\t\t\t\t\t<\/div>\n\t\t<\/div>\n\t\t\t\t\t<\/div>\n\t\t<\/section>\n\t\t\t\t<section class=\"elementor-section elementor-top-section elementor-element elementor-element-69dc740 elementor-section-boxed elementor-section-height-default elementor-section-height-default\" data-id=\"69dc740\" data-element_type=\"section\" data-e-type=\"section\">\n\t\t\t\t\t\t<div class=\"elementor-container elementor-column-gap-extended\">\n\t\t\t\t\t<div class=\"elementor-column elementor-col-100 elementor-top-column elementor-element elementor-element-6cf8cda\" data-id=\"6cf8cda\" data-element_type=\"column\" data-e-type=\"column\">\n\t\t\t<div class=\"elementor-widget-wrap elementor-element-populated\">\n\t\t\t\t\t\t<div class=\"elementor-element elementor-element-ffdd6a7 elementor-widget elementor-widget-image\" data-id=\"ffdd6a7\" data-element_type=\"widget\" data-e-type=\"widget\" data-widget_type=\"image.default\">\n\t\t\t\t<div class=\"elementor-widget-container\">\n\t\t\t\t\t\t\t\t\t\t\t\t\t\t\t<img decoding=\"async\" width=\"2048\" height=\"945\" src=\"https:\/\/www.kalani-home.com\/wp-content\/uploads\/transparence-des-prix9-EN-OK.jpg\" class=\"attachment-full size-full wp-image-58342\" alt=\"Transparenz\" srcset=\"https:\/\/www.kalani-home.com\/wp-content\/uploads\/transparence-des-prix9-EN-OK.jpg 2048w, https:\/\/www.kalani-home.com\/wp-content\/uploads\/transparence-des-prix9-EN-OK-1024x473.jpg 1024w, https:\/\/www.kalani-home.com\/wp-content\/uploads\/transparence-des-prix9-EN-OK-300x138.jpg 300w, https:\/\/www.kalani-home.com\/wp-content\/uploads\/transparence-des-prix9-EN-OK-768x354.jpg 768w, https:\/\/www.kalani-home.com\/wp-content\/uploads\/transparence-des-prix9-EN-OK-1536x709.jpg 1536w\" sizes=\"(max-width: 2048px) 100vw, 2048px\" \/>\t\t\t\t\t\t\t\t\t\t\t\t\t\t\t<\/div>\n\t\t\t\t<\/div>\n\t\t\t\t\t<\/div>\n\t\t<\/div>\n\t\t\t\t\t<\/div>\n\t\t<\/section>\n\t\t\t\t<section class=\"elementor-section elementor-top-section elementor-element elementor-element-cd9f6e9 elementor-section-boxed elementor-section-height-default elementor-section-height-default\" data-id=\"cd9f6e9\" data-element_type=\"section\" data-e-type=\"section\">\n\t\t\t\t\t\t<div class=\"elementor-container elementor-column-gap-extended\">\n\t\t\t\t\t<div class=\"elementor-column elementor-col-100 elementor-top-column elementor-element elementor-element-3490cd2\" data-id=\"3490cd2\" data-element_type=\"column\" data-e-type=\"column\">\n\t\t\t<div class=\"elementor-widget-wrap\">\n\t\t\t\t\t\t\t<\/div>\n\t\t<\/div>\n\t\t\t\t\t<\/div>\n\t\t<\/section>\n\t\t\t\t<section class=\"elementor-section elementor-top-section elementor-element elementor-element-5841dc6 elementor-section-boxed elementor-section-height-default elementor-section-height-default\" data-id=\"5841dc6\" data-element_type=\"section\" data-e-type=\"section\">\n\t\t\t\t\t\t<div class=\"elementor-container elementor-column-gap-extended\">\n\t\t\t\t\t<div class=\"elementor-column elementor-col-100 elementor-top-column elementor-element elementor-element-61478bf\" data-id=\"61478bf\" data-element_type=\"column\" data-e-type=\"column\">\n\t\t\t<div class=\"elementor-widget-wrap elementor-element-populated\">\n\t\t\t\t\t\t<div class=\"elementor-element elementor-element-a170e53 elementor-position-right elementor-vertical-align-middle elementor-widget elementor-widget-image-box\" data-id=\"a170e53\" data-element_type=\"widget\" data-e-type=\"widget\" data-widget_type=\"image-box.default\">\n\t\t\t\t<div class=\"elementor-widget-container\">\n\t\t\t\t\t<div class=\"elementor-image-box-wrapper\"><figure class=\"elementor-image-box-img\"><img decoding=\"async\" src=\"https:\/\/www.kalani-home.com\/wp-content\/uploads\/transparency.jpg\" title=\"transparenz\" alt=\"Transparenz vom Kalani bis zu Ihrem Bett\" loading=\"lazy\" \/><\/figure><div class=\"elementor-image-box-content\"><h3 class=\"elementor-image-box-title\">Von Kalani in Ihr Bett <\/h3><p class=\"elementor-image-box-description\"><p>Im zweiten Abschnitt tritt der Unterschied am besten zu Tage. Indem wir (fast) ausschlie\u00dflich online verkaufen, brauchen wir keine teuren eigenen L\u00e4den und vermeiden die Kosten f\u00fcr Zwischenh\u00e4ndler, die beim Verkauf \u00fcber Mehrmarken-L\u00e4den in ganz Europa entstehen w\u00fcrden.\u00a0<\/p>  <p>Au\u00dferdem verfolgen wir ein \u201eSlow marketing\u201c-Konzept. Unsere Entwicklung geht Schritt f\u00fcr Schritt voran, dank eines passionierten Teams, das sich darum bem\u00fcht, dass dieses Projekt von Dauer ist, ohne die Kosten in die H\u00f6he zu treiben und ohne teure Marketingtricks, die f\u00fcr ein sicheres, aber kontrolliertes Wachstum ohnehin \u00fcberfl\u00fcssig sind.\u00a0<\/p>  Wir bef\u00fcrworten eine authentische, positive und n\u00fcchterne Kommunikation, die die Menschen, die direkt oder indirekt am Projekt \u201eKalani\u201c mitarbeiten, genau widerspiegelt. Kalani ist weniger eine Marke als ein Unternehmensprojekt, das anders, innovativ und \u201eslow\u201c sein soll. Auf diese Weise umgehen wir alle Margen von Zwischenh\u00e4ndlern, hohe Fixkosten und \u00fcberfl\u00fcssige Marketingkampagnen und k\u00f6nnen dank unserer kurzen Versorgungsketten hochwertige Bio- und Fairtrade-zertifizierte Produkte zu erschwinglichen Preisen anbieten.<\/p><\/div><\/div>\t\t\t\t<\/div>\n\t\t\t\t<\/div>\n\t\t\t\t<div class=\"elementor-element elementor-element-ffbb880 elementor-position-left elementor-vertical-align-middle elementor-widget elementor-widget-image-box\" data-id=\"ffbb880\" data-element_type=\"widget\" data-e-type=\"widget\" data-widget_type=\"image-box.default\">\n\t\t\t\t<div class=\"elementor-widget-container\">\n\t\t\t\t\t<div class=\"elementor-image-box-wrapper\"><figure class=\"elementor-image-box-img\"><img decoding=\"async\" src=\"https:\/\/www.kalani-home.com\/wp-content\/uploads\/transparency-choice-fabrics.jpg\" title=\"Transparenz Auswahl Stoffe\" alt=\"Transparenz Auswahl Stoffe\" loading=\"lazy\" \/><\/figure><div class=\"elementor-image-box-content\"><h3 class=\"elementor-image-box-title\">Von der Auswahl der Materialien bis zum fertigen Produkt<\/h3><p class=\"elementor-image-box-description\"><p>Im ersten Abschnitt des Schemas ergeben sich kaum Unterschiede zu einer anderen Standardmarke. Bei genauerem Hinschauen besteht aber gerade hier ein Unterschied. Denn eine gro\u00dfe etablierte Marke, die weder eine Bio- noch eine Fairtrade-Zertifizierung besitzt, wird mit Sicherheit billiger als wir einkaufen und produzieren. Unsere Rohstoffe verf\u00fcgen hingegen \u00fcber die Bio- (GOTS) und Fairtrade-Zertifizierung, und wir zahlen f\u00fcr unsere Baumwolle und unsere unter ethischen Bedingungen produzierten Endprodukte weit mehr als den Marktpreis.\u00a0<\/p> <p>Aber wir wollen der Erl\u00e4uterung unseres Konzepts die Annahme zugrunde legen, dass alle zum gleichen Preis produzieren, auch wenn die Ausgangsbedingungen bei allen Marken unterschiedlich sind. Das bedeutet auch, dass die Margen der traditionellen Marken in Wahrheit meistens noch gr\u00f6\u00dfer sind, als in diesem Schema angegeben. <\/p><\/p><\/div><\/div>\t\t\t\t<\/div>\n\t\t\t\t<\/div>\n\t\t\t\t\t<\/div>\n\t\t<\/div>\n\t\t\t\t\t<\/div>\n\t\t<\/section>\n\t\t\t\t<section class=\"elementor-section elementor-top-section elementor-element elementor-element-e4f004e elementor-section-boxed elementor-section-height-default elementor-section-height-default\" data-id=\"e4f004e\" data-element_type=\"section\" data-e-type=\"section\">\n\t\t\t\t\t\t<div class=\"elementor-container elementor-column-gap-default\">\n\t\t\t\t\t<div class=\"elementor-column elementor-col-100 elementor-top-column elementor-element elementor-element-5e3e92b\" data-id=\"5e3e92b\" data-element_type=\"column\" data-e-type=\"column\">\n\t\t\t<div class=\"elementor-widget-wrap\">\n\t\t\t\t\t\t\t<\/div>\n\t\t<\/div>\n\t\t\t\t\t<\/div>\n\t\t<\/section>\n\t\t\t\t<\/div>\n\t\t","protected":false},"excerpt":{"rendered":"<p>Ein fairer Preis f\u00fcr Sie, die Erzeuger der Bio-Baumwolle, die Arbeiter und uns. F\u00fcr Kalani steht Ihre Zufriedenheit im Mittelpunkt. Daher geh\u00f6rt Transparenz schon immer zu unseren Priorit\u00e4ten. Wir bef\u00fcrworten ein verantwortungsvolles Konsumverhalten. Auf keinen Fall wollen wir Ihnen Produkte verkaufen, die Sie nicht brauchen &#8211; schon gar nicht in Zeiten, in denen \u00fcberhaupt kein [&hellip;]<\/p>\n","protected":false},"author":6,"featured_media":41119,"parent":0,"menu_order":22,"comment_status":"closed","ping_status":"closed","template":"","meta":{"_acf_changed":false,"footnotes":""},"class_list":["post-41011","page","type-page","status-publish","has-post-thumbnail","hentry"],"acf":[],"_links":{"self":[{"href":"https:\/\/www.kalani-home.com\/de\/wp-json\/wp\/v2\/pages\/41011","targetHints":{"allow":["GET"]}}],"collection":[{"href":"https:\/\/www.kalani-home.com\/de\/wp-json\/wp\/v2\/pages"}],"about":[{"href":"https:\/\/www.kalani-home.com\/de\/wp-json\/wp\/v2\/types\/page"}],"author":[{"embeddable":true,"href":"https:\/\/www.kalani-home.com\/de\/wp-json\/wp\/v2\/users\/6"}],"replies":[{"embeddable":true,"href":"https:\/\/www.kalani-home.com\/de\/wp-json\/wp\/v2\/comments?post=41011"}],"version-history":[{"count":0,"href":"https:\/\/www.kalani-home.com\/de\/wp-json\/wp\/v2\/pages\/41011\/revisions"}],"wp:featuredmedia":[{"embeddable":true,"href":"https:\/\/www.kalani-home.com\/de\/wp-json\/wp\/v2\/media\/41119"}],"wp:attachment":[{"href":"https:\/\/www.kalani-home.com\/de\/wp-json\/wp\/v2\/media?parent=41011"}],"curies":[{"name":"wp","href":"https:\/\/api.w.org\/{rel}","templated":true}]}}