{"id":40767,"date":"2020-02-14T16:54:27","date_gmt":"2020-02-14T15:54:27","guid":{"rendered":"https:\/\/content.kalani.eu\/lieferung\/"},"modified":"2023-05-02T11:55:46","modified_gmt":"2023-05-02T09:55:46","slug":"lieferung","status":"publish","type":"page","link":"https:\/\/www.kalani-home.com\/de\/lieferung\/","title":{"rendered":"Lieferung"},"content":{"rendered":"\t\t<div data-elementor-type=\"wp-post\" data-elementor-id=\"40767\" class=\"elementor elementor-40767 elementor-31347\" data-elementor-post-type=\"page\">\n\t\t\t\t\t\t<section class=\"elementor-section elementor-top-section elementor-element elementor-element-313e8c8e elementor-section-content-middle elementor-reverse-mobile elementor-section-boxed elementor-section-height-default elementor-section-height-default\" data-id=\"313e8c8e\" data-element_type=\"section\" data-e-type=\"section\">\n\t\t\t\t\t\t<div class=\"elementor-container elementor-column-gap-extended\">\n\t\t\t\t\t<div class=\"elementor-column elementor-col-50 elementor-top-column elementor-element elementor-element-470c109c\" data-id=\"470c109c\" data-element_type=\"column\" data-e-type=\"column\">\n\t\t\t<div class=\"elementor-widget-wrap elementor-element-populated\">\n\t\t\t\t\t\t\t<\/div>\n\t\t<\/div>\n\t\t\t\t<div class=\"elementor-column elementor-col-50 elementor-top-column elementor-element elementor-element-5bf5eadd\" data-id=\"5bf5eadd\" data-element_type=\"column\" data-e-type=\"column\">\n\t\t\t<div class=\"elementor-widget-wrap elementor-element-populated\">\n\t\t\t\t\t\t<div class=\"elementor-element elementor-element-59b4fab0 elementor-align-right elementor-mobile-align-left elementor-widget elementor-widget-breadcrumbs\" data-id=\"59b4fab0\" data-element_type=\"widget\" data-e-type=\"widget\" data-widget_type=\"breadcrumbs.default\">\n\t\t\t\t<div class=\"elementor-widget-container\">\n\t\t\t\t\t<p id=\"breadcrumbs\"><span><span><a href=\"https:\/\/www.kalani-home.com\/de\/\">Home<\/a><\/span><\/span><\/p>\t\t\t\t<\/div>\n\t\t\t\t<\/div>\n\t\t\t\t\t<\/div>\n\t\t<\/div>\n\t\t\t\t\t<\/div>\n\t\t<\/section>\n\t\t\t\t<section class=\"elementor-section elementor-top-section elementor-element elementor-element-ad8b95a elementor-section-boxed elementor-section-height-default elementor-section-height-default\" data-id=\"ad8b95a\" data-element_type=\"section\" data-e-type=\"section\">\n\t\t\t\t\t\t<div class=\"elementor-container elementor-column-gap-extended\">\n\t\t\t\t\t<div class=\"elementor-column elementor-col-100 elementor-top-column elementor-element elementor-element-3462481\" data-id=\"3462481\" data-element_type=\"column\" data-e-type=\"column\">\n\t\t\t<div class=\"elementor-widget-wrap elementor-element-populated\">\n\t\t\t\t\t\t<div class=\"elementor-element elementor-element-191e40f elementor-widget elementor-widget-text-editor\" data-id=\"191e40f\" data-element_type=\"widget\" data-e-type=\"widget\" data-widget_type=\"text-editor.default\">\n\t\t\t\t<div class=\"elementor-widget-container\">\n\t\t\t\t\t\t\t\t\t<p>Die Lieferzeit betr\u00e4gt 2 bis 10 Werktage ab dem Tag, an dem die Bestellung best\u00e4tigt wird. Diese Lieferfrist ist unverbindlich und kann ge\u00e4ndert werden: In diesem Fall werden Sie direkt dar\u00fcber informiert. Nachhause, in die Arbeit, zu den Nachbarn&#8230; Lassen Sie sich Ihr Paket in ganz Europa liefern, wohin Sie wollen. (Zum Beispiel: Es ist nicht m\u00f6glich, in die franz\u00f6sischen \u00dcberseedepartements und -gebiete (Dom Tom) geliefert zu werden, indem man Frankreich als Lieferland w\u00e4hlt. Die Dom Tom werden aus logistischer und zolltechnischer Sicht als L\u00e4nder au\u00dferhalb Europas betrachtet.) Lieferungen in L\u00e4nder au\u00dferhalb Europas sind ebenfalls m\u00f6glich, jedoch m\u00f6chten wir Sie darum bitten, vorher unseren Kundenservice zu kontaktieren: <a href=\"mailto:info@kalani-home.com\">info@kalani-home.com<\/a> Sobald Ihre Bestellung versandt wurde erhalten Sie eine E-Mail mit einer Sendungsverfolgungsnummer. Die bestellten Produkte werden, au\u00dfer in Ausnahmef\u00e4llen oder bei Nichtverf\u00fcgbarkeit eines oder mehrerer Artikel, alle auf einmal geliefert. Die Lieferungen werden von einem unabh\u00e4ngigen Transportunternehmen vorgenommen. Wenn der voraussichtliche Liefertermin \u00fcberschritten wird und dies nicht auf h\u00f6here Gewalt zur\u00fcckzuf\u00fchren ist, dann haben Sie nach Aufforderung des Verk\u00e4ufers zur Lieferung das Recht, ihren Kauf entsprechend der im Verbrauchergesetzbuch (Code de la consommation) festgelegten Bedingungen zu stornieren und eine R\u00fcckerstattung der im Zuge des Kaufs get\u00e4tigten Zahlungen zu erhalten.<\/p>\n<p><span style=\"color: #ff99cc;\">BREXIT-Situation und Lieferungen nach Gro\u00dfbritannien:<\/span> Ab dem 1. Januar 2021 \u00e4ndern sich die Regeln f\u00fcr Lieferungen aus Europa nach Gro\u00dfbritannien. Insbesondere Kunden, die nach Gro\u00dfbritannien geliefert werden, zahlen f\u00fcr ihre Bestellung von KALANI-Produkten ohne Mehrwertsteuer in unserem Online-Shop, und die Steuern m\u00fcssen an den Kurierdienst gezahlt werden, der sich um die Zollabfertigung k\u00fcmmert, wenn Ihre Produkte in Gro\u00dfbritannien ankommen. Die untenstehende Tabelle muss noch angepasst werden, aber das Vereinigte K\u00f6nigreich (UK) kommt zur L\u00e4ndergruppe Schweiz\/Norwegen\/Vereinigtes K\u00f6nigreich hinzu und somit erh\u00f6hen sich die Versandkosten auf 20\u20ac f\u00fcr Bestellungen unter 300\u20ac.\u00a0<\/p>\n\t\t\t\t\t\t\t\t<\/div>\n\t\t\t\t<\/div>\n\t\t\t\t<div class=\"elementor-element elementor-element-2bea406 elementor-widget elementor-widget-image\" data-id=\"2bea406\" data-element_type=\"widget\" data-e-type=\"widget\" data-widget_type=\"image.default\">\n\t\t\t\t<div class=\"elementor-widget-container\">\n\t\t\t\t\t\t\t\t\t\t\t\t\t\t\t<img decoding=\"async\" width=\"2048\" height=\"1385\" src=\"https:\/\/www.kalani-home.com\/wp-content\/uploads\/Delivery-Costs-2021-scaled.jpg\" class=\"attachment-full size-full wp-image-63813\" alt=\"Liefer- und Versandkosten 2021\" srcset=\"https:\/\/www.kalani-home.com\/wp-content\/uploads\/Delivery-Costs-2021-scaled.jpg 2048w, https:\/\/www.kalani-home.com\/wp-content\/uploads\/Delivery-Costs-2021-scaled-1024x692.jpg 1024w, https:\/\/www.kalani-home.com\/wp-content\/uploads\/Delivery-Costs-2021-300x203.jpg 300w, https:\/\/www.kalani-home.com\/wp-content\/uploads\/Delivery-Costs-2021-768x519.jpg 768w, https:\/\/www.kalani-home.com\/wp-content\/uploads\/Delivery-Costs-2021-1536x1038.jpg 1536w\" sizes=\"(max-width: 2048px) 100vw, 2048px\" \/>\t\t\t\t\t\t\t\t\t\t\t\t\t\t\t<\/div>\n\t\t\t\t<\/div>\n\t\t\t\t<div class=\"elementor-element elementor-element-220ec3b elementor-widget elementor-widget-button\" data-id=\"220ec3b\" data-element_type=\"widget\" data-e-type=\"widget\" data-widget_type=\"button.default\">\n\t\t\t\t<div class=\"elementor-widget-container\">\n\t\t\t\t\t\t\t\t\t<div class=\"elementor-button-wrapper\">\n\t\t\t\t\t<a class=\"elementor-button elementor-button-link elementor-size-sm\" href=\"https:\/\/content.kalani.eu\/wp-content\/uploads\/Kalani-Delivery-Costs-2021.pdf\" target=\"_blank\">\n\t\t\t\t\t\t<span class=\"elementor-button-content-wrapper\">\n\t\t\t\t\t\t\t\t\t<span class=\"elementor-button-text\">Laden sie die Lieferung List<\/span>\n\t\t\t\t\t<\/span>\n\t\t\t\t\t<\/a>\n\t\t\t\t<\/div>\n\t\t\t\t\t\t\t\t<\/div>\n\t\t\t\t<\/div>\n\t\t\t\t\t<\/div>\n\t\t<\/div>\n\t\t\t\t\t<\/div>\n\t\t<\/section>\n\t\t\t\t<section class=\"elementor-section elementor-top-section elementor-element elementor-element-7a32753 elementor-section-boxed elementor-section-height-default elementor-section-height-default\" data-id=\"7a32753\" data-element_type=\"section\" data-e-type=\"section\">\n\t\t\t\t\t\t<div class=\"elementor-container elementor-column-gap-extended\">\n\t\t\t\t\t<div class=\"elementor-column elementor-col-100 elementor-top-column elementor-element elementor-element-7b716d0\" data-id=\"7b716d0\" data-element_type=\"column\" data-e-type=\"column\">\n\t\t\t<div class=\"elementor-widget-wrap\">\n\t\t\t\t\t\t\t<\/div>\n\t\t<\/div>\n\t\t\t\t\t<\/div>\n\t\t<\/section>\n\t\t\t\t<\/div>\n\t\t","protected":false},"excerpt":{"rendered":"<p>Die Lieferzeit betr\u00e4gt 2 bis 10 Werktage ab dem Tag, an dem die Bestellung best\u00e4tigt wird. Diese Lieferfrist ist unverbindlich und kann ge\u00e4ndert werden: In diesem Fall werden Sie direkt dar\u00fcber informiert. Nachhause, in die Arbeit, zu den Nachbarn&#8230; Lassen Sie sich Ihr Paket in ganz Europa liefern, wohin Sie wollen. (Zum Beispiel: Es ist [&hellip;]<\/p>\n","protected":false},"author":6,"featured_media":41075,"parent":0,"menu_order":58,"comment_status":"closed","ping_status":"closed","template":"","meta":{"_acf_changed":false,"footnotes":""},"class_list":["post-40767","page","type-page","status-publish","has-post-thumbnail","hentry"],"acf":[],"_links":{"self":[{"href":"https:\/\/www.kalani-home.com\/de\/wp-json\/wp\/v2\/pages\/40767","targetHints":{"allow":["GET"]}}],"collection":[{"href":"https:\/\/www.kalani-home.com\/de\/wp-json\/wp\/v2\/pages"}],"about":[{"href":"https:\/\/www.kalani-home.com\/de\/wp-json\/wp\/v2\/types\/page"}],"author":[{"embeddable":true,"href":"https:\/\/www.kalani-home.com\/de\/wp-json\/wp\/v2\/users\/6"}],"replies":[{"embeddable":true,"href":"https:\/\/www.kalani-home.com\/de\/wp-json\/wp\/v2\/comments?post=40767"}],"version-history":[{"count":0,"href":"https:\/\/www.kalani-home.com\/de\/wp-json\/wp\/v2\/pages\/40767\/revisions"}],"wp:featuredmedia":[{"embeddable":true,"href":"https:\/\/www.kalani-home.com\/de\/wp-json\/wp\/v2\/media\/41075"}],"wp:attachment":[{"href":"https:\/\/www.kalani-home.com\/de\/wp-json\/wp\/v2\/media?parent=40767"}],"curies":[{"name":"wp","href":"https:\/\/api.w.org\/{rel}","templated":true}]}}