{"id":40668,"date":"2020-02-14T16:54:27","date_gmt":"2020-02-14T15:54:27","guid":{"rendered":"https:\/\/content.kalani.eu\/ruecksendungen\/"},"modified":"2026-04-30T12:26:40","modified_gmt":"2026-04-30T10:26:40","slug":"ruecksendungen","status":"publish","type":"page","link":"https:\/\/www.kalani-home.com\/de\/ruecksendungen\/","title":{"rendered":"R\u00fccksendungen"},"content":{"rendered":"\t\t<div data-elementor-type=\"wp-post\" data-elementor-id=\"40668\" class=\"elementor elementor-40668 elementor-31345\" data-elementor-post-type=\"page\">\n\t\t\t\t<div class=\"elementor-element elementor-element-1437b59 e-flex e-con-boxed e-con e-parent\" data-id=\"1437b59\" data-element_type=\"container\" data-e-type=\"container\">\n\t\t\t\t\t<div class=\"e-con-inner\">\n\t\t<div class=\"elementor-element elementor-element-bff2e45 e-con-full e-flex e-con e-child\" data-id=\"bff2e45\" data-element_type=\"container\" data-e-type=\"container\">\n\t\t\t\t<\/div>\n\t\t<div class=\"elementor-element elementor-element-772c207 e-con-full e-flex e-con e-child\" data-id=\"772c207\" data-element_type=\"container\" data-e-type=\"container\">\n\t\t\t\t<div class=\"elementor-element elementor-element-9126a62 elementor-align-right elementor-mobile-align-right elementor-widget elementor-widget-breadcrumbs\" data-id=\"9126a62\" data-element_type=\"widget\" data-e-type=\"widget\" data-widget_type=\"breadcrumbs.default\">\n\t\t\t\t<div class=\"elementor-widget-container\">\n\t\t\t\t\t<p id=\"breadcrumbs\"><span><span><a href=\"https:\/\/www.kalani-home.com\/de\/\">Home<\/a><\/span><\/span><\/p>\t\t\t\t<\/div>\n\t\t\t\t<\/div>\n\t\t\t\t<\/div>\n\t\t\t\t\t<\/div>\n\t\t\t\t<\/div>\n\t\t<div class=\"elementor-element elementor-element-60e71bb e-flex e-con-boxed e-con e-parent\" data-id=\"60e71bb\" data-element_type=\"container\" data-e-type=\"container\">\n\t\t\t\t\t<div class=\"e-con-inner\">\n\t\t<div class=\"elementor-element elementor-element-e547756 e-con-full e-flex e-con e-child\" data-id=\"e547756\" data-element_type=\"container\" data-e-type=\"container\">\n\t\t\t\t<div class=\"elementor-element elementor-element-4280a70 elementor-widget elementor-widget-text-editor\" data-id=\"4280a70\" data-element_type=\"widget\" data-e-type=\"widget\" data-widget_type=\"text-editor.default\">\n\t\t\t\t<div class=\"elementor-widget-container\">\n\t\t\t\t\t\t\t\t\t<p>Haben Sie Ihre Meinung ge\u00e4ndert oder bei Ihrer Bestellung einen Fehler gemacht?<br \/>Kein Problem! Sie haben <strong>30 Tage<\/strong> Zeit, um Ihre Artikel an uns zur\u00fcckzusenden (anstelle der gesetzlich vorgesehenen 14 Tage).<\/p>\n<p>Zur\u00fcckgesandte Produkte m\u00fcssen <strong>unbenutzt<\/strong>, <strong>ungewaschen<\/strong>, fleckenfrei, geruchlos (Rauch, Parfum usw.), frei von Tierhaaren oder Tierger\u00fcchen sein und sorgf\u00e4ltig in der Originalverpackung oder, falls erforderlich, in einer kleineren, sauberen und sicheren Verpackung zur\u00fcckgeschickt werden.<\/p>\n<p><strong>Wie kann ich eine R\u00fccksendung vornehmen?<br \/>\n<\/strong>F\u00fcllen Sie einfach das R\u00fccksendeformular am Ende dieser Seite aus oder gehen Sie zu: <strong>Profil &gt; Bestellungen<\/strong>. W\u00e4hlen Sie f\u00fcr die betreffende Bestellung die Option \u201eR\u00fcckgabe\u201c.<\/p>\n<p>Bitte beachten Sie:<\/p>\n<ul>\n<li>Wenn Sie <strong>nicht mit \u00d6ko-Gutscheinen bezahlt haben<\/strong>: Umtausch, Gutschein oder R\u00fcckerstattung m\u00f6glich.<\/li>\n<li>Wenn Sie <strong>mit \u00d6ko-Gutscheinen bezahlt haben<\/strong>: nur Umtausch oder Gutschein m\u00f6glich.<\/li>\n<li>Die Versand- oder Transportkosten gehen zu Ihren Lasten (direkt auf der R\u00fccksendeplattform zu einem Vorzugstarif zu bezahlen, die Ihnen direkt ein R\u00fccksendeetikett ausstellt).<\/li>\n<li>Es ist ebenfalls m\u00f6glich, die Produkte nach Terminvereinbarung in unserem B\u00fcro zur\u00fcckzugeben (rue de Rosi\u00e8res 2 \u2013 1332 Genval).<\/li>\n<\/ul>\n<p><\/p>\n<ul>\n<li>Im Falle eines <strong>Umtauschs<\/strong> bitten wir Sie, den gew\u00fcnschten Ersatzartikel anzugeben. Der Umtausch erfolgt nach Erhalt Ihres Pakets, vorausgesetzt, dass die zur\u00fcckgesendeten Artikel unbesch\u00e4digt sind und die gew\u00fcnschten Ersatzartikel auf Lager sind.<\/li>\n<li>Jeder Bettdeckenbezug (Satin, Perkal oder Jersey) wird mit einem <strong>Stoffbeutel<\/strong> geliefert. Dieser Beutel muss zwingend <strong>zusammen mit dem Bezug zur\u00fcckgesendet<\/strong> werden, andernfalls kann die R\u00fccksendung nicht akzeptiert werden.<\/li>\n<\/ul>\n\t\t\t\t\t\t\t\t<\/div>\n\t\t\t\t<\/div>\n\t\t\t\t<div class=\"elementor-element elementor-element-6124fbd elementor-widget elementor-widget-html\" data-id=\"6124fbd\" data-element_type=\"widget\" data-e-type=\"widget\" data-widget_type=\"html.default\">\n\t\t\t\t<div class=\"elementor-widget-container\">\n\t\t\t\t\t<div id=\"returnless-mount\" data-form-id=\"form_WeYryppJkOPwdHdJXOG71YcyV6\" data-form-locale=\"de\"><\/div>\r\n<script src=\"https:\/\/panel.returnless.com\/embed.js\"><\/script>\r\n\t\t\t\t<\/div>\n\t\t\t\t<\/div>\n\t\t\t\t<\/div>\n\t\t\t\t\t<\/div>\n\t\t\t\t<\/div>\n\t\t\t\t<\/div>\n\t\t","protected":false},"excerpt":{"rendered":"<p>Haben Sie Ihre Meinung ge\u00e4ndert oder bei Ihrer Bestellung einen Fehler gemacht?Kein Problem! Sie haben 30 Tage Zeit, um Ihre Artikel an uns zur\u00fcckzusenden (anstelle der gesetzlich vorgesehenen 14 Tage). Zur\u00fcckgesandte Produkte m\u00fcssen unbenutzt, ungewaschen, fleckenfrei, geruchlos (Rauch, Parfum usw.), frei von Tierhaaren oder Tierger\u00fcchen sein und sorgf\u00e4ltig in der Originalverpackung oder, falls erforderlich, in [&hellip;]<\/p>\n","protected":false},"author":6,"featured_media":41107,"parent":0,"menu_order":58,"comment_status":"closed","ping_status":"closed","template":"","meta":{"_acf_changed":false,"footnotes":""},"class_list":["post-40668","page","type-page","status-publish","has-post-thumbnail","hentry"],"acf":[],"_links":{"self":[{"href":"https:\/\/www.kalani-home.com\/de\/wp-json\/wp\/v2\/pages\/40668","targetHints":{"allow":["GET"]}}],"collection":[{"href":"https:\/\/www.kalani-home.com\/de\/wp-json\/wp\/v2\/pages"}],"about":[{"href":"https:\/\/www.kalani-home.com\/de\/wp-json\/wp\/v2\/types\/page"}],"author":[{"embeddable":true,"href":"https:\/\/www.kalani-home.com\/de\/wp-json\/wp\/v2\/users\/6"}],"replies":[{"embeddable":true,"href":"https:\/\/www.kalani-home.com\/de\/wp-json\/wp\/v2\/comments?post=40668"}],"version-history":[{"count":1,"href":"https:\/\/www.kalani-home.com\/de\/wp-json\/wp\/v2\/pages\/40668\/revisions"}],"predecessor-version":[{"id":296921,"href":"https:\/\/www.kalani-home.com\/de\/wp-json\/wp\/v2\/pages\/40668\/revisions\/296921"}],"wp:featuredmedia":[{"embeddable":true,"href":"https:\/\/www.kalani-home.com\/de\/wp-json\/wp\/v2\/media\/41107"}],"wp:attachment":[{"href":"https:\/\/www.kalani-home.com\/de\/wp-json\/wp\/v2\/media?parent=40668"}],"curies":[{"name":"wp","href":"https:\/\/api.w.org\/{rel}","templated":true}]}}