{"id":40665,"date":"2019-12-30T10:09:43","date_gmt":"2019-12-30T09:09:43","guid":{"rendered":"https:\/\/content.kalani.eu\/impressum\/"},"modified":"2022-12-08T10:28:12","modified_gmt":"2022-12-08T09:28:12","slug":"impressum","status":"publish","type":"page","link":"https:\/\/www.kalani-home.com\/de\/impressum\/","title":{"rendered":"Impressum"},"content":{"rendered":"\t\t<div data-elementor-type=\"wp-page\" data-elementor-id=\"40665\" class=\"elementor elementor-40665 elementor-3\" data-elementor-post-type=\"page\">\n\t\t\t\t\t\t<section class=\"elementor-section elementor-top-section elementor-element elementor-element-a611302 elementor-section-content-middle elementor-reverse-mobile elementor-section-boxed elementor-section-height-default elementor-section-height-default\" data-id=\"a611302\" data-element_type=\"section\" data-e-type=\"section\">\n\t\t\t\t\t\t<div class=\"elementor-container elementor-column-gap-extended\">\n\t\t\t\t\t<div class=\"elementor-column elementor-col-50 elementor-top-column elementor-element elementor-element-2a5c8e32\" data-id=\"2a5c8e32\" data-element_type=\"column\" data-e-type=\"column\">\n\t\t\t<div class=\"elementor-widget-wrap elementor-element-populated\">\n\t\t\t\t\t\t\t<\/div>\n\t\t<\/div>\n\t\t\t\t<div class=\"elementor-column elementor-col-50 elementor-top-column elementor-element elementor-element-3ed23825\" data-id=\"3ed23825\" data-element_type=\"column\" data-e-type=\"column\">\n\t\t\t<div class=\"elementor-widget-wrap elementor-element-populated\">\n\t\t\t\t\t\t<div class=\"elementor-element elementor-element-3b4d2274 elementor-align-right elementor-mobile-align-left elementor-widget elementor-widget-breadcrumbs\" data-id=\"3b4d2274\" data-element_type=\"widget\" data-e-type=\"widget\" data-widget_type=\"breadcrumbs.default\">\n\t\t\t\t<div class=\"elementor-widget-container\">\n\t\t\t\t\t<p id=\"breadcrumbs\"><span><span><a href=\"https:\/\/www.kalani-home.com\/de\/\">Home<\/a><\/span><\/span><\/p>\t\t\t\t<\/div>\n\t\t\t\t<\/div>\n\t\t\t\t\t<\/div>\n\t\t<\/div>\n\t\t\t\t\t<\/div>\n\t\t<\/section>\n\t\t\t\t<section class=\"elementor-section elementor-top-section elementor-element elementor-element-271bd6f4 elementor-section-boxed elementor-section-height-default elementor-section-height-default\" data-id=\"271bd6f4\" data-element_type=\"section\" data-e-type=\"section\">\n\t\t\t\t\t\t<div class=\"elementor-container elementor-column-gap-extended\">\n\t\t\t\t\t<div class=\"elementor-column elementor-col-100 elementor-top-column elementor-element elementor-element-53325a9d\" data-id=\"53325a9d\" data-element_type=\"column\" data-e-type=\"column\">\n\t\t\t<div class=\"elementor-widget-wrap elementor-element-populated\">\n\t\t\t\t\t\t<div class=\"elementor-element elementor-element-1cb9c061 elementor-widget elementor-widget-text-editor\" data-id=\"1cb9c061\" data-element_type=\"widget\" data-e-type=\"widget\" data-widget_type=\"text-editor.default\">\n\t\t\t\t<div class=\"elementor-widget-container\">\n\t\t\t\t\t\t\t\t\t<p>Bei Kalani haben wir es zu unserer Pflicht gemacht, die Privatsph\u00e4re unserer Besucher zu wahren und zu sch\u00fctzen.<\/p>\n<p>In der folgenden Datenschutzerkl\u00e4rung wird die Art und Weise erl\u00e4utert, wie Ihre pers\u00f6nlichen Daten bei Ihrem Besuch auf unserer Website gesammelt werden. Diese Datenschutzerkl\u00e4rung kann von Zeit zu Zeit aktualisiert werden, daher bitten wir Sie darum aufmerksam zu sein und eventuelle Aktualisierungen regelm\u00e4\u00dfig durchzulesen.<\/p>\n\t\t\t\t\t\t\t\t<\/div>\n\t\t\t\t<\/div>\n\t\t\t\t<div class=\"elementor-element elementor-element-59359aea elementor-widget elementor-widget-heading\" data-id=\"59359aea\" data-element_type=\"widget\" data-e-type=\"widget\" data-widget_type=\"heading.default\">\n\t\t\t\t<div class=\"elementor-widget-container\">\n\t\t\t\t\t<h3 class=\"elementor-heading-title elementor-size-default\">Informationen, die wir sammeln<\/h3>\t\t\t\t<\/div>\n\t\t\t\t<\/div>\n\t\t\t\t<div class=\"elementor-element elementor-element-53fbd46d elementor-widget elementor-widget-text-editor\" data-id=\"53fbd46d\" data-element_type=\"widget\" data-e-type=\"widget\" data-widget_type=\"text-editor.default\">\n\t\t\t\t<div class=\"elementor-widget-container\">\n\t\t\t\t\t\t\t\t\t<p>Bei der Einrichtung oder der Pflege unserer E-Commerce-Website kann es sein, dass wir folgende Daten \u00fcber Sie sammeln:<\/p>\n<p>Informationen \u00fcber Ihre Nutzung unserer Website, einschlie\u00dflich Einzelheiten Ihres Besuchs wie aufgerufene Seiten und Ihr Zugriffspfad. Solche Informationen umfassen den Datenverkehr, Standortdaten und sonstige Kommunikationsdaten.<\/p>\n<p>Informationen, die von Ihnen bei Ihrem Besuch freiwillig bereitgestellt werden, wie beispielsweise im Zuge Ihrer Registrierung, oder Informationen, die Sie bei einem Kauf oder einer Bestellung angeben sowie Informationen, die Sie bereitstellen, wenn Sie mit uns auf irgendeine Weise kommunizieren.<\/p>\n\t\t\t\t\t\t\t\t<\/div>\n\t\t\t\t<\/div>\n\t\t\t\t<div class=\"elementor-element elementor-element-7baf6f9f elementor-widget elementor-widget-heading\" data-id=\"7baf6f9f\" data-element_type=\"widget\" data-e-type=\"widget\" data-widget_type=\"heading.default\">\n\t\t\t\t<div class=\"elementor-widget-container\">\n\t\t\t\t\t<h3 class=\"elementor-heading-title elementor-size-default\">Das Recht, Informationen zu verlangen:<\/h3>\t\t\t\t<\/div>\n\t\t\t\t<\/div>\n\t\t\t\t<div class=\"elementor-element elementor-element-3725f260 elementor-widget elementor-widget-text-editor\" data-id=\"3725f260\" data-element_type=\"widget\" data-e-type=\"widget\" data-widget_type=\"text-editor.default\">\n\t\t\t\t<div class=\"elementor-widget-container\">\n\t\t\t\t\t\t\t\t\t<p>Sie haben jederzeit die M\u00f6glichkeit, sich bei uns \u00fcber die Sie betreffenden Daten zu informieren, die in unserer Datenbank gespeichert sind sowie \u00fcber den Grund, warum diese gespeichert wurden. Diese Informationen k\u00f6nnen Sie direkt \u00fcber unsere Kontaktseite anfordern.<\/p>\n\t\t\t\t\t\t\t\t<\/div>\n\t\t\t\t<\/div>\n\t\t\t\t<div class=\"elementor-element elementor-element-590f626 elementor-widget elementor-widget-heading\" data-id=\"590f626\" data-element_type=\"widget\" data-e-type=\"widget\" data-widget_type=\"heading.default\">\n\t\t\t\t<div class=\"elementor-widget-container\">\n\t\t\t\t\t<h3 class=\"elementor-heading-title elementor-size-default\">Recht auf Korrektur:<\/h3>\t\t\t\t<\/div>\n\t\t\t\t<\/div>\n\t\t\t\t<div class=\"elementor-element elementor-element-685dfc65 elementor-widget elementor-widget-text-editor\" data-id=\"685dfc65\" data-element_type=\"widget\" data-e-type=\"widget\" data-widget_type=\"text-editor.default\">\n\t\t\t\t<div class=\"elementor-widget-container\">\n\t\t\t\t\t\t\t\t\t<p>Sie haben das Recht darauf zu verlangen, dass personenbezogene Daten die Sie betreffen korrigiert, erg\u00e4nzt oder gel\u00f6scht werden. Wir werden Sie innerhalb von vier Wochen nach Erhalt Ihrer Anfrage \u00fcber die Umsetzung Ihres Antrags informieren, soweit diese aus technischer Sicht m\u00f6glich ist. Sollten wir Ihrem Antrag aus welchem Grund auch immer nicht nachgehen k\u00f6nnen, so werden wir Ihnen die Gr\u00fcnde daf\u00fcr mitteilen.<\/p>\n\t\t\t\t\t\t\t\t<\/div>\n\t\t\t\t<\/div>\n\t\t\t\t<div class=\"elementor-element elementor-element-589c86b0 elementor-widget elementor-widget-heading\" data-id=\"589c86b0\" data-element_type=\"widget\" data-e-type=\"widget\" data-widget_type=\"heading.default\">\n\t\t\t\t<div class=\"elementor-widget-container\">\n\t\t\t\t\t<h3 class=\"elementor-heading-title elementor-size-default\">Die Verwendung von Cookies<\/h3>\t\t\t\t<\/div>\n\t\t\t\t<\/div>\n\t\t\t\t<div class=\"elementor-element elementor-element-71844123 elementor-widget elementor-widget-text-editor\" data-id=\"71844123\" data-element_type=\"widget\" data-e-type=\"widget\" data-widget_type=\"text-editor.default\">\n\t\t\t\t<div class=\"elementor-widget-container\">\n\t\t\t\t\t\t\t\t\t<p>Unsere Website verwendet Cookies, die uns Informationen \u00fcber die Verwendung unserer Website liefern.<\/p>\n<p>Wir sind berechtigt, Cookies zu verwenden, um Informationen \u00fcber Ihren Computer einzuholen, mit denen wir die Navigation auf unserer Website f\u00fcr Sie einfacher gestalten und Ihnen Zugriff auf alle Funktionen dieser Website geben k\u00f6nnen. Wir k\u00f6nnen mithilfe dieser Cookies ebenfalls Informationen \u00fcber ihr allgemeines Internetverhalten sammeln. Diese Cookies werden von Ihrem Computer heruntergeladen und auf dessen Festplatte gespeichert. Diese Informationen geben keinerlei R\u00fcckschluss auf Ihre Identit\u00e4t. Es sind rein statistische Daten, die keinerlei pers\u00f6nliche Informationen beinhalten.<\/p>\n<p>Sie k\u00f6nnen \u00fcber die pers\u00f6nlichen Einstellungen Ihres Computers oder Ihres Browsers w\u00e4hlen, ob Sie diese Cookies ablehnen m\u00f6chten. Wenn Sie die Cookies ablehnen, dann k\u00f6nnen wir nicht garantieren, dass Sie auf alle Funktionen unserer Website zugreifen k\u00f6nnen.<\/p>\n<p>Unsere Anzeigenkunden k\u00f6nnen ebenfalls Cookies verwenden, auf die wir keinen Einfluss haben. Falls solche Cookies verwendet werden, werden diese heruntergeladen, sobald Sie auf die Werbeanzeige auf unserer Website klicken.<\/p>\n\t\t\t\t\t\t\t\t<\/div>\n\t\t\t\t<\/div>\n\t\t\t\t<div class=\"elementor-element elementor-element-39f749c4 elementor-widget elementor-widget-heading\" data-id=\"39f749c4\" data-element_type=\"widget\" data-e-type=\"widget\" data-widget_type=\"heading.default\">\n\t\t\t\t<div class=\"elementor-widget-container\">\n\t\t\t\t\t<h3 class=\"elementor-heading-title elementor-size-default\">Die Verwendung Ihrer Informationen:<\/h3>\t\t\t\t<\/div>\n\t\t\t\t<\/div>\n\t\t\t\t<div class=\"elementor-element elementor-element-7985f0e2 elementor-widget elementor-widget-text-editor\" data-id=\"7985f0e2\" data-element_type=\"widget\" data-e-type=\"widget\" data-widget_type=\"text-editor.default\">\n\t\t\t\t<div class=\"elementor-widget-container\">\n\t\t\t\t\t\t\t\t\tWir verwenden die gesammelten Informationen, um Ihnen bestm\u00f6glichen Service bieten zu k\u00f6nnen. Zus\u00e4tzlich k\u00f6nnen wir diese Informationen zu einem der folgenden Zwecke verwenden:\r\n<ul>\r\n \t<li>Bereitstellung von Informationen bez\u00fcglich unserer Produkte oder Dienstleistungen.<\/li>\r\n \t<li>Bereitstellung von Informationen in Bezug auf andere Produkte, die f\u00fcr Sie von Interesse sein k\u00f6nnten.<\/li>\r\n \t<li>Diese zus\u00e4tzlichen Informationen werden Ihnen nur dann \u00fcbermittelt, wenn Sie deren Erhalt zugestimmt haben.<\/li>\r\n \t<li>Informationen \u00fcber alle \u00c4nderungen unserer Website, unserer Leistungen und unserer Ware, oder von anderen Leistungen oder Waren, die Sie interessieren k\u00f6nnten.<\/li>\r\n<\/ul>\r\nWenn uns Ihr Einverst\u00e4ndnis vorliegt sind wir zudem berechtigt, von uns ausgew\u00e4hlten Dritten die Nutzung Ihrer Daten zu gew\u00e4hren, damit sie Ihnen Informationen \u00fcber andere Produkte und Dienstleistungen zukommen lassen k\u00f6nnen, die f\u00fcr Sie interessant sein k\u00f6nnten. Wenn eine solche Zustimmung erteilt wurde, kann sie von Ihnen jederzeit widerrufen werden.\t\t\t\t\t\t\t\t<\/div>\n\t\t\t\t<\/div>\n\t\t\t\t<div class=\"elementor-element elementor-element-113d5ee0 elementor-widget elementor-widget-heading\" data-id=\"113d5ee0\" data-element_type=\"widget\" data-e-type=\"widget\" data-widget_type=\"heading.default\">\n\t\t\t\t<div class=\"elementor-widget-container\">\n\t\t\t\t\t<h3 class=\"elementor-heading-title elementor-size-default\">Offenlegung Ihrer Informationen:<\/h3>\t\t\t\t<\/div>\n\t\t\t\t<\/div>\n\t\t\t\t<div class=\"elementor-element elementor-element-3d08b483 elementor-widget elementor-widget-text-editor\" data-id=\"3d08b483\" data-element_type=\"widget\" data-e-type=\"widget\" data-widget_type=\"text-editor.default\">\n\t\t\t\t<div class=\"elementor-widget-container\">\n\t\t\t\t\t\t\t\t\t<p>Wir werden Ihre pers\u00f6nlichen Informationen ohne Ihr Einverst\u00e4ndnis keiner anderen Partei offenlegen, au\u00dfer wenn wir gesetzlich dazu verpflichtet sind, Ihre personenbezogenen Informationen offenzulegen.<\/p>\n\t\t\t\t\t\t\t\t<\/div>\n\t\t\t\t<\/div>\n\t\t\t\t<div class=\"elementor-element elementor-element-409c7b56 elementor-widget elementor-widget-heading\" data-id=\"409c7b56\" data-element_type=\"widget\" data-e-type=\"widget\" data-widget_type=\"heading.default\">\n\t\t\t\t<div class=\"elementor-widget-container\">\n\t\t\t\t\t<h3 class=\"elementor-heading-title elementor-size-default\">Nutzung der Website:<\/h3>\t\t\t\t<\/div>\n\t\t\t\t<\/div>\n\t\t\t\t<div class=\"elementor-element elementor-element-5a9406a7 elementor-widget elementor-widget-text-editor\" data-id=\"5a9406a7\" data-element_type=\"widget\" data-e-type=\"widget\" data-widget_type=\"text-editor.default\">\n\t\t\t\t<div class=\"elementor-widget-container\">\n\t\t\t\t\t\t\t\t\t<p>Diese Website enth\u00e4lt Material, das KALANI SA geh\u00f6rt. Dieses Material beinhaltet (ist jedoch nicht beschr\u00e4nkt auf): das Design, das Layout, das Aussehen und die graphische Gestaltung. Es ist durch das Urheberrecht gesch\u00fctzt, einschlie\u00dflich (jedoch nicht beschr\u00e4nkt auf) das Copyright.<\/p>\n<p>Sie d\u00fcrfen die Informationen und die Dokumentation auf dieser Website herunterladen, ansehen, kopieren und ausdrucken, vorausgesetzt Sie tun dies f\u00fcr Ihren pers\u00f6nlichen Gebrauch, f\u00fcr die Suche nach Produkten oder Lieferanten in Zusammenhang mit Ihrem Unternehmen oder f\u00fcr die Arbeit Ihrer Mitarbeiter.<\/p>\n<p>Jegliche andere Nutzung, vor allem kommerzieller Art, ist ohne unsere ausdr\u00fcckliche Zustimmung nicht gestattet. Es ist nicht erlaubt, das Material auf irgendeine Art zu ver\u00e4ndern oder verf\u00e4lschen.<\/p>\n\t\t\t\t\t\t\t\t<\/div>\n\t\t\t\t<\/div>\n\t\t\t\t<div class=\"elementor-element elementor-element-4173a2d6 elementor-widget elementor-widget-heading\" data-id=\"4173a2d6\" data-element_type=\"widget\" data-e-type=\"widget\" data-widget_type=\"heading.default\">\n\t\t\t\t<div class=\"elementor-widget-container\">\n\t\t\t\t\t<h3 class=\"elementor-heading-title elementor-size-default\">Links von Dritten:<\/h3>\t\t\t\t<\/div>\n\t\t\t\t<\/div>\n\t\t\t\t<div class=\"elementor-element elementor-element-56c65f61 elementor-widget elementor-widget-text-editor\" data-id=\"56c65f61\" data-element_type=\"widget\" data-e-type=\"widget\" data-widget_type=\"text-editor.default\">\n\t\t\t\t<div class=\"elementor-widget-container\">\n\t\t\t\t\t\t\t\t\t<p>Gelegentlich platzieren wir Links zu den Websites Dritter auf dieser Website. Wenn wir einen Link bereitstellen bedeutet das nicht, dass wir die Richtlinien \u00fcber den Besucherdatenschutz dieser Website empfehlen oder dieser zustimmen. Wenn Sie auf diese Websites zugreifen, auch wenn dies \u00fcber Links auf unserer Website erfolgt, dann sollten Sie sich \u00fcber deren Datenschutzrichtlinien und dar\u00fcber, wie sie Ihre personenbezogenen Daten behandeln, informieren.<\/p>\n\t\t\t\t\t\t\t\t<\/div>\n\t\t\t\t<\/div>\n\t\t\t\t<div class=\"elementor-element elementor-element-0255b4f elementor-widget elementor-widget-heading\" data-id=\"0255b4f\" data-element_type=\"widget\" data-e-type=\"widget\" data-widget_type=\"heading.default\">\n\t\t\t\t<div class=\"elementor-widget-container\">\n\t\t\t\t\t<h3 class=\"elementor-heading-title elementor-size-default\">Warenzeichen<\/h3>\t\t\t\t<\/div>\n\t\t\t\t<\/div>\n\t\t\t\t<div class=\"elementor-element elementor-element-d0e5a59 elementor-widget elementor-widget-text-editor\" data-id=\"d0e5a59\" data-element_type=\"widget\" data-e-type=\"widget\" data-widget_type=\"text-editor.default\">\n\t\t\t\t<div class=\"elementor-widget-container\">\n\t\t\t\t\t\t\t\t\t<p>Die Nutzung dieser Website und aller heruntergeladenen, kopierten, angesehenen oder gedruckten Materialien erm\u00e4chtigt Sie in keinster Weise dazu, Warenzeichen von KALANI S.A., der Aktion\u00e4ren oder Gesellschaftern des Unternehmens oder Sonstiger ohne unsere ausdr\u00fcckliche Zustimmung zu gebrauchen.<\/p>\n\t\t\t\t\t\t\t\t<\/div>\n\t\t\t\t<\/div>\n\t\t\t\t<div class=\"elementor-element elementor-element-04f308c elementor-widget elementor-widget-heading\" data-id=\"04f308c\" data-element_type=\"widget\" data-e-type=\"widget\" data-widget_type=\"heading.default\">\n\t\t\t\t<div class=\"elementor-widget-container\">\n\t\t\t\t\t<h3 class=\"elementor-heading-title elementor-size-default\">Haftungsausschluss und -beschr\u00e4nkung:<\/h3>\t\t\t\t<\/div>\n\t\t\t\t<\/div>\n\t\t\t\t<div class=\"elementor-element elementor-element-4d52c7b elementor-widget elementor-widget-text-editor\" data-id=\"4d52c7b\" data-element_type=\"widget\" data-e-type=\"widget\" data-widget_type=\"text-editor.default\">\n\t\t\t\t<div class=\"elementor-widget-container\">\n\t\t\t\t\t\t\t\t\t<p>KALANI SA kann f\u00fcr keinerlei Sch\u00e4den, die in Verbindung mit Ihrer Benutzung der Website des Unternehmens verursacht werden, haftbar gemacht werden.<\/p>\n<p>Kalani \u00fcbernimmt keinerlei Gew\u00e4hr f\u00fcr die Richtigkeit der in den Dokumenten und Grafiken dieser Website zu welchem Zweck auch immer angegebenen Informationen. Alle Dokumente, Fotos und Grafiken werden \u00fcbernommen \u201ewie sie sind\u201c und k\u00f6nnen m\u00f6glicherweise technische Ungenauigkeiten oder typographische Fehler enthalten. Kalani \u00fcbernimmt keinerlei Gew\u00e4hr oder Verantwortung f\u00fcr diese Informationen, einschlie\u00dflich jeglicher Gew\u00e4hrleistung bez\u00fcglich der Qualit\u00e4t der Ware, der Eignung zu einem bestimmten Zweck und der Versto\u00dffreiheit. In keinem Fall kann Kalani f\u00fcr Sch\u00e4den irgendeiner Art verantwortlich gemacht werden, die wegen oder im Zusammenhang mit der Verwendung dieser Website auf irgendeine Art und Weise entstehen.<\/p>\n\t\t\t\t\t\t\t\t<\/div>\n\t\t\t\t<\/div>\n\t\t\t\t<div class=\"elementor-element elementor-element-06cd686 elementor-widget elementor-widget-heading\" data-id=\"06cd686\" data-element_type=\"widget\" data-e-type=\"widget\" data-widget_type=\"heading.default\">\n\t\t\t\t<div class=\"elementor-widget-container\">\n\t\t\t\t\t<h3 class=\"elementor-heading-title elementor-size-default\">Kontaktieren Sie uns:<\/h3>\t\t\t\t<\/div>\n\t\t\t\t<\/div>\n\t\t\t\t<div class=\"elementor-element elementor-element-1929f16 elementor-widget elementor-widget-text-editor\" data-id=\"1929f16\" data-element_type=\"widget\" data-e-type=\"widget\" data-widget_type=\"text-editor.default\">\n\t\t\t\t<div class=\"elementor-widget-container\">\n\t\t\t\t\t\t\t\t\t<p>Bitte z\u00f6gern Sie nicht, sich mit uns in Verbindung zu setzen, wenn Sie Fragen zu dieser Datenschutzrichtlinie haben.<\/p>\n\t\t\t\t\t\t\t\t<\/div>\n\t\t\t\t<\/div>\n\t\t\t\t\t<\/div>\n\t\t<\/div>\n\t\t\t\t\t<\/div>\n\t\t<\/section>\n\t\t\t\t<section class=\"elementor-section elementor-top-section elementor-element elementor-element-602e7b0 elementor-section-boxed elementor-section-height-default elementor-section-height-default\" data-id=\"602e7b0\" data-element_type=\"section\" data-e-type=\"section\">\n\t\t\t\t\t\t<div class=\"elementor-container elementor-column-gap-extended\">\n\t\t\t\t\t<div class=\"elementor-column elementor-col-100 elementor-top-column elementor-element elementor-element-6d5ed3a\" data-id=\"6d5ed3a\" data-element_type=\"column\" data-e-type=\"column\">\n\t\t\t<div class=\"elementor-widget-wrap\">\n\t\t\t\t\t\t\t<\/div>\n\t\t<\/div>\n\t\t\t\t\t<\/div>\n\t\t<\/section>\n\t\t\t\t<\/div>\n\t\t","protected":false},"excerpt":{"rendered":"<p>Bei Kalani haben wir es zu unserer Pflicht gemacht, die Privatsph\u00e4re unserer Besucher zu wahren und zu sch\u00fctzen. In der folgenden Datenschutzerkl\u00e4rung wird die Art und Weise erl\u00e4utert, wie Ihre pers\u00f6nlichen Daten bei Ihrem Besuch auf unserer Website gesammelt werden. Diese Datenschutzerkl\u00e4rung kann von Zeit zu Zeit aktualisiert werden, daher bitten wir Sie darum aufmerksam [&hellip;]<\/p>\n","protected":false},"author":6,"featured_media":41091,"parent":0,"menu_order":91,"comment_status":"closed","ping_status":"closed","template":"","meta":{"_acf_changed":false,"footnotes":""},"class_list":["post-40665","page","type-page","status-publish","has-post-thumbnail","hentry"],"acf":[],"_links":{"self":[{"href":"https:\/\/www.kalani-home.com\/de\/wp-json\/wp\/v2\/pages\/40665","targetHints":{"allow":["GET"]}}],"collection":[{"href":"https:\/\/www.kalani-home.com\/de\/wp-json\/wp\/v2\/pages"}],"about":[{"href":"https:\/\/www.kalani-home.com\/de\/wp-json\/wp\/v2\/types\/page"}],"author":[{"embeddable":true,"href":"https:\/\/www.kalani-home.com\/de\/wp-json\/wp\/v2\/users\/6"}],"replies":[{"embeddable":true,"href":"https:\/\/www.kalani-home.com\/de\/wp-json\/wp\/v2\/comments?post=40665"}],"version-history":[{"count":0,"href":"https:\/\/www.kalani-home.com\/de\/wp-json\/wp\/v2\/pages\/40665\/revisions"}],"wp:featuredmedia":[{"embeddable":true,"href":"https:\/\/www.kalani-home.com\/de\/wp-json\/wp\/v2\/media\/41091"}],"wp:attachment":[{"href":"https:\/\/www.kalani-home.com\/de\/wp-json\/wp\/v2\/media?parent=40665"}],"curies":[{"name":"wp","href":"https:\/\/api.w.org\/{rel}","templated":true}]}}